{"id":26556,"date":"2021-01-06T23:07:10","date_gmt":"2021-01-06T23:07:10","guid":{"rendered":"https:\/\/biocodigos.com.br\/ead\/?post_type=product&#038;p=26556"},"modified":"2024-12-03T21:56:23","modified_gmt":"2024-12-03T21:56:23","slug":"biorregulacao","status":"publish","type":"product","link":"https:\/\/biocodigos.com.br\/ead\/produto\/biorregulacao\/","title":{"rendered":"Biorregula\u00e7\u00e3o"},"content":{"rendered":"<h4>Objetivo<\/h4>\n<p>Qualifica\u00e7\u00e3o de profissionais da \u00e1rea de sa\u00fade como m\u00e9dicos, enfermeiros, fisioterapeutas e outros, que j\u00e1 tem conhecimentos s\u00f3lidos na \u00e1rea de fisiologia humana, anatomia e mecanismos de doen\u00e7as.<\/p>\n<h4>Conte\u00fado<\/h4>\n<ul>\n<li>O que \u00e9 Oligoterapia<\/li>\n<li>Origem da Oligoterapia<\/li>\n<li>Conceitos de cat\u00e1lise, \u00edons e enzimas<\/li>\n<li>Conceitos de co-fatores e substratos<\/li>\n<li>Equil\u00edbrio e homeostase<\/li>\n<li>Vantagens da Oligoterapia<\/li>\n<li>Vis\u00e3o sobre doen\u00e7as<\/li>\n<li>Conceitos das di\u00e1teses de Menetri\u00e9r<\/li>\n<li>Di\u00e1tese I<\/li>\n<li>Di\u00e1tese II<\/li>\n<li>Di\u00e1tese III<\/li>\n<li>Di\u00e1tese IV<\/li>\n<li>S\u00edndromes de desadapta\u00e7\u00e3o<\/li>\n<li>Anamnese em Oligoterapia<\/li>\n<li>Apresenta\u00e7\u00e3o de alguns dos principais elementos catal\u00edticos e suas finalidades em Oligoterapia<\/li>\n<\/ul>\n<h4>P\u00fablico alvo<\/h4>\n<p>Profissionais da \u00e1rea da sa\u00fade.<\/p>\n<h4>Materiais digitais inclusos<\/h4>\n<ul>\n<li>Apostila digital<\/li>\n<li>Resum\u00e3o das di\u00e1teses<\/li>\n<li>Planilha autom\u00e1tica de avalia\u00e7\u00e3o (Excel)<\/li>\n<li>Tabela profunda de anamnese<\/li>\n<li>Material extra de estudo<\/li>\n<li>Acompanhamento em grupo de Whatsapp (3 meses)<\/li>\n<\/ul>\n","protected":false},"excerpt":{"rendered":"<p>Objetivo Qualifica\u00e7\u00e3o de profissionais da \u00e1rea de sa\u00fade como m\u00e9dicos, enfermeiros, fisioterapeutas e outros, que j\u00e1 tem conhecimentos s\u00f3lidos na \u00e1rea de fisiologia humana, anatomia&hellip;<\/p>\n","protected":false},"featured_media":26557,"comment_status":"open","ping_status":"closed","template":"","meta":[],"product_brand":[],"product_cat":[15],"product_tag":[],"class_list":{"0":"post-26556","1":"product","2":"type-product","3":"status-publish","4":"has-post-thumbnail","6":"product_cat-cursos","8":"first","9":"instock","10":"shipping-taxable","11":"purchasable","12":"product-type-simple"},"_links":{"self":[{"href":"https:\/\/biocodigos.com.br\/ead\/wp-json\/wp\/v2\/product\/26556","targetHints":{"allow":["GET"]}}],"collection":[{"href":"https:\/\/biocodigos.com.br\/ead\/wp-json\/wp\/v2\/product"}],"about":[{"href":"https:\/\/biocodigos.com.br\/ead\/wp-json\/wp\/v2\/types\/product"}],"replies":[{"embeddable":true,"href":"https:\/\/biocodigos.com.br\/ead\/wp-json\/wp\/v2\/comments?post=26556"}],"wp:featuredmedia":[{"embeddable":true,"href":"https:\/\/biocodigos.com.br\/ead\/wp-json\/wp\/v2\/media\/26557"}],"wp:attachment":[{"href":"https:\/\/biocodigos.com.br\/ead\/wp-json\/wp\/v2\/media?parent=26556"}],"wp:term":[{"taxonomy":"product_brand","embeddable":true,"href":"https:\/\/biocodigos.com.br\/ead\/wp-json\/wp\/v2\/product_brand?post=26556"},{"taxonomy":"product_cat","embeddable":true,"href":"https:\/\/biocodigos.com.br\/ead\/wp-json\/wp\/v2\/product_cat?post=26556"},{"taxonomy":"product_tag","embeddable":true,"href":"https:\/\/biocodigos.com.br\/ead\/wp-json\/wp\/v2\/product_tag?post=26556"}],"curies":[{"name":"wp","href":"https:\/\/api.w.org\/{rel}","templated":true}]}}