{"id":26678,"date":"2021-01-12T23:40:38","date_gmt":"2021-01-12T23:40:38","guid":{"rendered":"https:\/\/biocodigos.com.br\/ead\/?post_type=product&#038;p=26678"},"modified":"2022-06-14T21:10:54","modified_gmt":"2022-06-14T21:10:54","slug":"segredos-da-mente","status":"publish","type":"product","link":"https:\/\/biocodigos.com.br\/ead\/produto\/segredos-da-mente\/","title":{"rendered":"Segredos da Mente &#8211; A base para Intelig\u00eancia Emocional"},"content":{"rendered":"<h2>E por que vai valer a pena?<\/h2>\n<p>Porque no curso <strong>Segredos da Mente &#8211; A base para Intelig\u00eancia Emocional<\/strong>\u00a0voc\u00ea vai aprender e entender quais s\u00e3o os requisitos neurol\u00f3gicos e psicol\u00f3gicos para uma pessoa ser feliz.<\/p>\n<p>Vai entender por que voc\u00ea sente o que sente.<\/p>\n<p>Vai entender por que os outros agem da maneira que agem.<\/p>\n<p>E lembre-se: entender n\u00e3o \u00e9 concordar!<\/p>\n<p>&nbsp;<\/p>\n<h2>Programa do curso:<\/h2>\n<p><strong><span style=\"text-decoration: underline;\">M\u00f3dulo 1\u00a0<\/span> <\/strong><\/p>\n<p><strong>Parte 1<\/strong><\/p>\n<ul>\n<li>O que \u00e9 intelig\u00eancia; Mente consciente e mente subconsciente e como elas interagem; O que precisam para serem felizes &#8211; Princ\u00edpios Universais: harmonia e valor (o que s\u00e3o)<\/li>\n<li>O que \u00e9 intelig\u00eancia?<\/li>\n<li>Quais s\u00e3o as nossas duas mentes?<\/li>\n<li>O que elas precisam para serem felizes?<\/li>\n<li>Harmonia gera o qu\u00ea?<\/li>\n<li>Conflito gera o qu\u00ea?<\/li>\n<\/ul>\n<p><strong>Parte 2<\/strong><\/p>\n<ul>\n<li>Identidade e fun\u00e7\u00e3o + exerc\u00edcio<\/li>\n<li>Explique valor:<\/li>\n<li>Explique identidade:<\/li>\n<li>Qual a sua identidade mais alta e qual a sua fun\u00e7\u00e3o existencial? (se ainda n\u00e3o sabe, n\u00e3o tem problema, escreve sua melhor estimativa)<\/li>\n<\/ul>\n<p><strong>Parte 3<\/strong><\/p>\n<ul>\n<li>Atributos para realizar nossa fun\u00e7\u00e3o + exerc\u00edcio<\/li>\n<li>Quais s\u00e3o as 4 capacidades que temos para cumprir nossas fun\u00e7\u00f5es nas diversas identidades que temos?<\/li>\n<li>Explique cada uma delas.<\/li>\n<\/ul>\n<p><strong>Parte 4<\/strong><\/p>\n<ul>\n<li>A armadilha da vida para identidade e valor pessoal do indiv\u00edduo<\/li>\n<li>Quando \u00e9 que uma pessoa fica abalada?<\/li>\n<li>Quando \u00e9 que uma pessoa n\u00e3o fica abalada?<\/li>\n<li>Qual \u00e9 a armadilha da vida para identidade e valor pessoal do indiv\u00edduo?<\/li>\n<li>A armadilha da vida para identidade e valor pessoal do indiv\u00edduo; resumo<\/li>\n<li>O que acontece quando uma pessoa associa seu valor pr\u00f3pria a algo externo, condicional?<\/li>\n<\/ul>\n<p><strong>\u00a0<\/strong><\/p>\n<p><span style=\"text-decoration: underline;\"><strong>M\u00f3dulo 2<\/strong><\/span><\/p>\n<p><strong>Parte 1<\/strong><\/p>\n<ul>\n<li>Recapitula\u00e7\u00e3o + regras universais + saber e sentir.<\/li>\n<li>Identifique situa\u00e7\u00f5es em sua vida quando saber e sentir est\u00e3o congruentes e quando saber e sentir est\u00e3o incongruentes.<\/li>\n<\/ul>\n<p><strong>Parte 2<\/strong><\/p>\n<ul>\n<li>o que \u00e9 e como surge o Ego!<\/li>\n<li>Explique em suas palavras o que \u00e9 o Ego. Voc\u00ea tem Ego? (s\u00f3 para sua medita\u00e7\u00e3o, n\u00e3o para partilhar em aulas)<\/li>\n<\/ul>\n<p><strong>Parte 3<\/strong><\/p>\n<ul>\n<li>Sentimentos: a representa\u00e7\u00e3o do significado.<\/li>\n<li>Explique como os sentimentos representam o significado.<\/li>\n<\/ul>\n<p><strong>Parte 4<\/strong><\/p>\n<ul>\n<li>In\u00edcio considera\u00e7\u00e3o sentimentos. Paz e Estresse (e como resolver!)<\/li>\n<li>Identifique um \u201cestresse\u201d em sua vida: descubra qual o conflito e qual a decis\u00e3o que voc\u00ea tem de tomar.<\/li>\n<\/ul>\n<p style=\"padding-left: 40px;\"><strong>A partir de agora, procure identificar ocasi\u00f5es em que vivencia ou vivenciou os sentimentos ou comportamentos descritos a seguir. Identifique se estava em equil\u00edbrio e, se n\u00e3o estava, o que falta para equilibrar.<\/strong><\/p>\n<p><strong>Parte 5<\/strong><\/p>\n<ul>\n<li>Felicidade, Amor<\/li>\n<\/ul>\n<p><strong>Parte 6<\/strong><\/p>\n<ul>\n<li>Ci\u00fame, desprezo, indiferen\u00e7a<\/li>\n<\/ul>\n<p><strong>\u00a0<\/strong><\/p>\n<p><span style=\"text-decoration: underline;\"><strong>M\u00f3dulo 3 <\/strong><\/span><\/p>\n<p><strong>Parte 1<\/strong><\/p>\n<ul>\n<li>Orgulho, Autoconfian\u00e7a, \u00d3dio, Raiva, Ira<\/li>\n<\/ul>\n<p><strong>Parte 2<\/strong><\/p>\n<ul>\n<li>Irrita\u00e7\u00e3o, Sarcasmo, Ressentimento, Rancor<\/li>\n<\/ul>\n<p><strong>Parte 3<\/strong><\/p>\n<ul>\n<li>Perdoar 1 e 2, Tristeza, Alegria, Euforia\/Empolga\u00e7\u00e3o<\/li>\n<\/ul>\n<p><strong>Parte 4<\/strong><\/p>\n<ul>\n<li>Generosidade, Humildade, Humilha\u00e7\u00e3o, Mansid\u00e3o, Brandura<\/li>\n<\/ul>\n<p><strong>\u00a0<\/strong><\/p>\n<p><span style=\"text-decoration: underline;\"><strong>M\u00f3dulo 4<\/strong><\/span><\/p>\n<p><strong>Parte 1<\/strong><\/p>\n<ul>\n<li>Gan\u00e2ncia, Cobi\u00e7a, Desejo\/Ambi\u00e7\u00e3o, Medo, Ang\u00fastia<\/li>\n<\/ul>\n<p><strong>Parte 2<\/strong><\/p>\n<ul>\n<li>Inveja, Frustra\u00e7\u00e3o, Culpa\/Remorso, Vergonha, Solid\u00e3o<\/li>\n<\/ul>\n<p><strong>Parte 3<\/strong><\/p>\n<ul>\n<li>Responsabilidade, Coragem, Timidez, Des\u00e2nimo, T\u00e9dio, Persist\u00eancia, Resili\u00eancia, Dor, generaliza\u00e7\u00e3o<\/li>\n<\/ul>\n<p>&nbsp;<\/p>\n<p><span style=\"text-decoration: underline;\"><strong>M\u00f3dulo 5<\/strong><\/span><\/p>\n<p><strong>Parte 1<\/strong><\/p>\n<ul>\n<li>Pressuposi\u00e7\u00e3o, Preconceito, Discrimina\u00e7\u00e3o<\/li>\n<\/ul>\n<p><strong>Parte 2<\/strong><\/p>\n<ul>\n<li>Intui\u00e7\u00e3o, Fobia\/P\u00e2nico, Autocontrole, Paci\u00eancia, Respeito\/Temor\/Rever\u00eancia<\/li>\n<\/ul>\n<p><strong>Parte 3<\/strong><\/p>\n<ul>\n<li>Dar Honra\/Honrar, Desculpar\/Justificar, Motiva\u00e7\u00e3o, Preocupa\u00e7\u00e3o (Ansiedade)<\/li>\n<\/ul>\n<p><strong>Parte 4<\/strong><\/p>\n<ul>\n<li>Vingan\u00e7a, Gratid\u00e3o, Conclus\u00e3o<\/li>\n<\/ul>\n<p>&nbsp;<\/p>\n<p><span style=\"text-decoration: underline;\"><strong>Extra &#8211; <\/strong><strong>Dissocia\u00e7\u00e3o<\/strong>\u00a0<\/span><\/p>\n<ul>\n<li>O que \u00e9, quando \u00e9 \u00fatil, quando atrapalha.<\/li>\n<li>Como voc\u00ea usa a dissocia\u00e7\u00e3o? Est\u00e1 sendo produtivo ou improdutivo?<\/li>\n<\/ul>\n","protected":false},"excerpt":{"rendered":"<p>E por que vai valer a pena? Porque no curso Segredos da Mente &#8211; A base para Intelig\u00eancia Emocional\u00a0voc\u00ea vai aprender e entender quais s\u00e3o&hellip;<\/p>\n","protected":false},"featured_media":27746,"comment_status":"open","ping_status":"closed","template":"","meta":[],"product_brand":[],"product_cat":[15],"product_tag":[],"class_list":{"0":"post-26678","1":"product","2":"type-product","3":"status-publish","4":"has-post-thumbnail","6":"product_cat-cursos","8":"first","9":"instock","10":"shipping-taxable","11":"purchasable","12":"product-type-simple"},"_links":{"self":[{"href":"https:\/\/biocodigos.com.br\/ead\/wp-json\/wp\/v2\/product\/26678","targetHints":{"allow":["GET"]}}],"collection":[{"href":"https:\/\/biocodigos.com.br\/ead\/wp-json\/wp\/v2\/product"}],"about":[{"href":"https:\/\/biocodigos.com.br\/ead\/wp-json\/wp\/v2\/types\/product"}],"replies":[{"embeddable":true,"href":"https:\/\/biocodigos.com.br\/ead\/wp-json\/wp\/v2\/comments?post=26678"}],"wp:featuredmedia":[{"embeddable":true,"href":"https:\/\/biocodigos.com.br\/ead\/wp-json\/wp\/v2\/media\/27746"}],"wp:attachment":[{"href":"https:\/\/biocodigos.com.br\/ead\/wp-json\/wp\/v2\/media?parent=26678"}],"wp:term":[{"taxonomy":"product_brand","embeddable":true,"href":"https:\/\/biocodigos.com.br\/ead\/wp-json\/wp\/v2\/product_brand?post=26678"},{"taxonomy":"product_cat","embeddable":true,"href":"https:\/\/biocodigos.com.br\/ead\/wp-json\/wp\/v2\/product_cat?post=26678"},{"taxonomy":"product_tag","embeddable":true,"href":"https:\/\/biocodigos.com.br\/ead\/wp-json\/wp\/v2\/product_tag?post=26678"}],"curies":[{"name":"wp","href":"https:\/\/api.w.org\/{rel}","templated":true}]}}