{"id":179,"date":"2020-02-21T20:12:20","date_gmt":"2020-02-21T20:12:20","guid":{"rendered":"https:\/\/biocodigos.com.br\/pt-BR\/?page_id=179"},"modified":"2023-11-15T11:21:28","modified_gmt":"2023-11-15T11:21:28","slug":"as-tecnicas","status":"publish","type":"page","link":"https:\/\/biocodigos.com.br\/pt-BR\/as-tecnicas\/","title":{"rendered":"As T\u00e9cnicas"},"content":{"rendered":"\t\t<div data-elementor-type=\"wp-post\" data-elementor-id=\"179\" class=\"elementor elementor-179\">\n\t\t\t\t\t\t<section class=\"elementor-section elementor-top-section elementor-element elementor-element-512b3b0c elementor-section-height-min-height elementor-section-stretched elementor-section-full_width elementor-section-height-default elementor-section-items-middle\" data-id=\"512b3b0c\" data-element_type=\"section\" data-settings=\"{&quot;background_background&quot;:&quot;classic&quot;,&quot;shape_divider_bottom&quot;:&quot;tilt&quot;,&quot;stretch_section&quot;:&quot;section-stretched&quot;}\">\n\t\t\t\t\t\t\t<div class=\"elementor-background-overlay\"><\/div>\n\t\t\t\t\t\t<div class=\"elementor-shape elementor-shape-bottom\" data-negative=\"false\">\n\t\t\t<svg xmlns=\"http:\/\/www.w3.org\/2000\/svg\" viewBox=\"0 0 1000 100\" preserveAspectRatio=\"none\">\n\t<path class=\"elementor-shape-fill\" d=\"M0,6V0h1000v100L0,6z\"\/>\n<\/svg>\t\t<\/div>\n\t\t\t\t\t<div class=\"elementor-container elementor-column-gap-default\">\n\t\t\t\t\t<div class=\"elementor-column elementor-col-100 elementor-top-column elementor-element elementor-element-1bd0b585\" data-id=\"1bd0b585\" data-element_type=\"column\">\n\t\t\t<div class=\"elementor-widget-wrap elementor-element-populated\">\n\t\t\t\t\t\t<div class=\"elementor-element elementor-element-6a727e7a elementor-widget elementor-widget-heading\" data-id=\"6a727e7a\" data-element_type=\"widget\" data-widget_type=\"heading.default\">\n\t\t\t\t<div class=\"elementor-widget-container\">\n\t\t\t\t\t<h2 class=\"elementor-heading-title elementor-size-default\">Sobre as T\u00e9cnicas<\/h2>\t\t\t\t<\/div>\n\t\t\t\t<\/div>\n\t\t\t\t\t<\/div>\n\t\t<\/div>\n\t\t\t\t\t<\/div>\n\t\t<\/section>\n\t\t\t\t<section class=\"elementor-section elementor-top-section elementor-element elementor-element-1c807e5 elementor-section-full_width elementor-section-height-default elementor-section-height-default\" data-id=\"1c807e5\" data-element_type=\"section\" data-settings=\"{&quot;background_background&quot;:&quot;classic&quot;,&quot;animation_tablet&quot;:&quot;fadeInUp&quot;}\">\n\t\t\t\t\t\t<div class=\"elementor-container elementor-column-gap-wide\">\n\t\t\t\t\t<div class=\"elementor-column elementor-col-33 elementor-top-column elementor-element elementor-element-73210d42\" data-id=\"73210d42\" data-element_type=\"column\">\n\t\t\t<div class=\"elementor-widget-wrap\">\n\t\t\t\t\t\t\t<\/div>\n\t\t<\/div>\n\t\t\t\t<div class=\"elementor-column elementor-col-33 elementor-top-column elementor-element elementor-element-c9cb3fa\" data-id=\"c9cb3fa\" data-element_type=\"column\">\n\t\t\t<div class=\"elementor-widget-wrap elementor-element-populated\">\n\t\t\t\t\t\t<div class=\"elementor-element elementor-element-5087ef8 elementor-invisible elementor-widget elementor-widget-heading\" data-id=\"5087ef8\" data-element_type=\"widget\" data-settings=\"{&quot;_animation&quot;:&quot;fadeInUp&quot;}\" data-widget_type=\"heading.default\">\n\t\t\t\t<div class=\"elementor-widget-container\">\n\t\t\t\t\t<h2 class=\"elementor-heading-title elementor-size-default\"><b>Reflexoterapia Podal e Palmar<\/b><\/h2>\t\t\t\t<\/div>\n\t\t\t\t<\/div>\n\t\t\t\t<div class=\"elementor-element elementor-element-9ff10df elementor-widget-divider--view-line elementor-invisible elementor-widget elementor-widget-divider\" data-id=\"9ff10df\" data-element_type=\"widget\" data-settings=\"{&quot;_animation&quot;:&quot;fadeInUp&quot;}\" data-widget_type=\"divider.default\">\n\t\t\t\t<div class=\"elementor-widget-container\">\n\t\t\t\t\t\t\t<div class=\"elementor-divider\">\n\t\t\t<span class=\"elementor-divider-separator\">\n\t\t\t\t\t\t<\/span>\n\t\t<\/div>\n\t\t\t\t\t\t<\/div>\n\t\t\t\t<\/div>\n\t\t\t\t<div class=\"elementor-element elementor-element-dee74af elementor-invisible elementor-widget elementor-widget-text-editor\" data-id=\"dee74af\" data-element_type=\"widget\" data-settings=\"{&quot;_animation&quot;:&quot;fadeInUp&quot;}\" data-widget_type=\"text-editor.default\">\n\t\t\t\t<div class=\"elementor-widget-container\">\n\t\t\t\t\t\t\t\t\t<p><span style=\"color: #01386e;\">Atrav\u00e9s de est\u00edmulos espec\u00edficos em pontos mapeados nas m\u00e3os e nos p\u00e9s, junto com orienta\u00e7\u00f5es associadas de sa\u00fade, podemos auxiliar o corpo em sua constitui\u00e7\u00e3o f\u00edsica e emocional a operar melhor.<\/span><\/p><p><span style=\"color: #01386e;\">Atrav\u00e9s destes c\u00f3digos (mapeamentos), podemos por exemplo resgatar a homeostase do corpo, promovendo inclusive ambientes familiares e profissionais mais produtivos e saud\u00e1veis.<\/span><\/p>\t\t\t\t\t\t\t\t<\/div>\n\t\t\t\t<\/div>\n\t\t\t\t\t<\/div>\n\t\t<\/div>\n\t\t\t\t<div class=\"elementor-column elementor-col-33 elementor-top-column elementor-element elementor-element-abd1d65\" data-id=\"abd1d65\" data-element_type=\"column\">\n\t\t\t<div class=\"elementor-widget-wrap\">\n\t\t\t\t\t\t\t<\/div>\n\t\t<\/div>\n\t\t\t\t\t<\/div>\n\t\t<\/section>\n\t\t\t\t<section class=\"elementor-section elementor-top-section elementor-element elementor-element-40af8e1 elementor-section-content-middle elementor-section-boxed elementor-section-height-default elementor-section-height-default\" data-id=\"40af8e1\" data-element_type=\"section\" data-settings=\"{&quot;background_background&quot;:&quot;classic&quot;,&quot;shape_divider_top&quot;:&quot;tilt&quot;,&quot;shape_divider_bottom&quot;:&quot;tilt&quot;}\">\n\t\t\t\t\t\t\t<div class=\"elementor-background-overlay\"><\/div>\n\t\t\t\t\t\t<div class=\"elementor-shape elementor-shape-top\" data-negative=\"false\">\n\t\t\t<svg xmlns=\"http:\/\/www.w3.org\/2000\/svg\" viewBox=\"0 0 1000 100\" preserveAspectRatio=\"none\">\n\t<path class=\"elementor-shape-fill\" d=\"M0,6V0h1000v100L0,6z\"\/>\n<\/svg>\t\t<\/div>\n\t\t\t\t<div class=\"elementor-shape elementor-shape-bottom\" data-negative=\"false\">\n\t\t\t<svg xmlns=\"http:\/\/www.w3.org\/2000\/svg\" viewBox=\"0 0 1000 100\" preserveAspectRatio=\"none\">\n\t<path class=\"elementor-shape-fill\" d=\"M0,6V0h1000v100L0,6z\"\/>\n<\/svg>\t\t<\/div>\n\t\t\t\t\t<div class=\"elementor-container elementor-column-gap-no\">\n\t\t\t\t\t<div class=\"elementor-column elementor-col-33 elementor-top-column elementor-element elementor-element-121bb56 elementor-invisible\" data-id=\"121bb56\" data-element_type=\"column\" data-settings=\"{&quot;animation&quot;:&quot;fadeInUp&quot;}\">\n\t\t\t<div class=\"elementor-widget-wrap elementor-element-populated\">\n\t\t\t\t\t\t<div class=\"elementor-element elementor-element-aceda0e elementor-widget elementor-widget-image\" data-id=\"aceda0e\" data-element_type=\"widget\" data-widget_type=\"image.default\">\n\t\t\t\t<div class=\"elementor-widget-container\">\n\t\t\t\t\t\t\t\t\t\t\t\t\t\t\t<img decoding=\"async\" src=\"https:\/\/biocodigos.com.br\/pt-BR\/wp-content\/uploads\/2020\/02\/icone-design-b.png\" title=\"\" alt=\"\" loading=\"lazy\" \/>\t\t\t\t\t\t\t\t\t\t\t\t\t\t\t<\/div>\n\t\t\t\t<\/div>\n\t\t\t\t\t<\/div>\n\t\t<\/div>\n\t\t\t\t<div class=\"elementor-column elementor-col-33 elementor-top-column elementor-element elementor-element-d1e5f3f elementor-invisible\" data-id=\"d1e5f3f\" data-element_type=\"column\" data-settings=\"{&quot;animation&quot;:&quot;fadeInUp&quot;}\">\n\t\t\t<div class=\"elementor-widget-wrap elementor-element-populated\">\n\t\t\t\t\t\t<div class=\"elementor-element elementor-element-7dcee4e elementor-invisible elementor-widget elementor-widget-heading\" data-id=\"7dcee4e\" data-element_type=\"widget\" data-settings=\"{&quot;_animation&quot;:&quot;fadeInUp&quot;}\" data-widget_type=\"heading.default\">\n\t\t\t\t<div class=\"elementor-widget-container\">\n\t\t\t\t\t<h2 class=\"elementor-heading-title elementor-size-default\"><b>Reflexoterapia Auricular<\/b><\/h2>\t\t\t\t<\/div>\n\t\t\t\t<\/div>\n\t\t\t\t<div class=\"elementor-element elementor-element-f7da46b elementor-widget-divider--view-line elementor-invisible elementor-widget elementor-widget-divider\" data-id=\"f7da46b\" data-element_type=\"widget\" data-settings=\"{&quot;_animation&quot;:&quot;fadeInUp&quot;}\" data-widget_type=\"divider.default\">\n\t\t\t\t<div class=\"elementor-widget-container\">\n\t\t\t\t\t\t\t<div class=\"elementor-divider\">\n\t\t\t<span class=\"elementor-divider-separator\">\n\t\t\t\t\t\t<\/span>\n\t\t<\/div>\n\t\t\t\t\t\t<\/div>\n\t\t\t\t<\/div>\n\t\t\t\t<div class=\"elementor-element elementor-element-78f4969 elementor-invisible elementor-widget elementor-widget-text-editor\" data-id=\"78f4969\" data-element_type=\"widget\" data-settings=\"{&quot;_animation&quot;:&quot;fadeInUp&quot;}\" data-widget_type=\"text-editor.default\">\n\t\t\t\t<div class=\"elementor-widget-container\">\n\t\t\t\t\t\t\t\t\t<p><span style=\"color: #ffffff;\"><img decoding=\"async\" class=\"size-medium wp-image-2039 alignleft\" src=\"https:\/\/biocodigos.com.br\/pt-BR\/wp-content\/uploads\/2020\/04\/APLICA\u00c7\u00c3O-AURICULO-1-300x160.jpg\" alt=\"\" width=\"300\" height=\"160\" srcset=\"https:\/\/biocodigos.com.br\/pt-BR\/wp-content\/uploads\/2020\/04\/APLICA\u00c7\u00c3O-AURICULO-1-300x160.jpg 300w, https:\/\/biocodigos.com.br\/pt-BR\/wp-content\/uploads\/2020\/04\/APLICA\u00c7\u00c3O-AURICULO-1.jpg 344w\" sizes=\"(max-width: 300px) 100vw, 300px\" \/>Promovendo est\u00edmulos em pontos no pavilh\u00e3o auricular, atrav\u00e9s de acupress\u00e3o (press\u00e3o sem uso de objetos invasivos), procuramos restabelecer as fun\u00e7\u00f5es org\u00e2nicas-emocionais.<\/span><\/p><p><span style=\"color: #ffffff;\">S\u00e3o muito eficientes para tratamento e aux\u00edlio de dores, estresse e quadros comuns em nosso dia-a-dia.<\/span><\/p>\t\t\t\t\t\t\t\t<\/div>\n\t\t\t\t<\/div>\n\t\t\t\t\t<\/div>\n\t\t<\/div>\n\t\t\t\t<div class=\"elementor-column elementor-col-33 elementor-top-column elementor-element elementor-element-a6e2749\" data-id=\"a6e2749\" data-element_type=\"column\">\n\t\t\t<div class=\"elementor-widget-wrap\">\n\t\t\t\t\t\t\t<\/div>\n\t\t<\/div>\n\t\t\t\t\t<\/div>\n\t\t<\/section>\n\t\t\t\t<section class=\"elementor-section elementor-top-section elementor-element elementor-element-29b08e3 elementor-section-full_width elementor-section-height-default elementor-section-height-default\" data-id=\"29b08e3\" data-element_type=\"section\" data-settings=\"{&quot;background_background&quot;:&quot;classic&quot;,&quot;animation_tablet&quot;:&quot;fadeInUp&quot;}\">\n\t\t\t\t\t\t<div class=\"elementor-container elementor-column-gap-wide\">\n\t\t\t\t\t<div class=\"elementor-column elementor-col-33 elementor-top-column elementor-element elementor-element-f2831bc\" data-id=\"f2831bc\" data-element_type=\"column\">\n\t\t\t<div class=\"elementor-widget-wrap\">\n\t\t\t\t\t\t\t<\/div>\n\t\t<\/div>\n\t\t\t\t<div class=\"elementor-column elementor-col-33 elementor-top-column elementor-element elementor-element-1a251d8\" data-id=\"1a251d8\" data-element_type=\"column\">\n\t\t\t<div class=\"elementor-widget-wrap elementor-element-populated\">\n\t\t\t\t\t\t<div class=\"elementor-element elementor-element-38a2d9a elementor-invisible elementor-widget elementor-widget-heading\" data-id=\"38a2d9a\" data-element_type=\"widget\" data-settings=\"{&quot;_animation&quot;:&quot;fadeInUp&quot;}\" data-widget_type=\"heading.default\">\n\t\t\t\t<div class=\"elementor-widget-container\">\n\t\t\t\t\t<h2 class=\"elementor-heading-title elementor-size-default\"><b>Quiropraxia<\/b><br><b>Reflexoterapia mio-articular<\/b><\/h2>\t\t\t\t<\/div>\n\t\t\t\t<\/div>\n\t\t\t\t<div class=\"elementor-element elementor-element-c11edbc elementor-widget-divider--view-line elementor-invisible elementor-widget elementor-widget-divider\" data-id=\"c11edbc\" data-element_type=\"widget\" data-settings=\"{&quot;_animation&quot;:&quot;fadeInUp&quot;}\" data-widget_type=\"divider.default\">\n\t\t\t\t<div class=\"elementor-widget-container\">\n\t\t\t\t\t\t\t<div class=\"elementor-divider\">\n\t\t\t<span class=\"elementor-divider-separator\">\n\t\t\t\t\t\t<\/span>\n\t\t<\/div>\n\t\t\t\t\t\t<\/div>\n\t\t\t\t<\/div>\n\t\t\t\t<div class=\"elementor-element elementor-element-f137292 elementor-invisible elementor-widget elementor-widget-text-editor\" data-id=\"f137292\" data-element_type=\"widget\" data-settings=\"{&quot;_animation&quot;:&quot;fadeInUp&quot;}\" data-widget_type=\"text-editor.default\">\n\t\t\t\t<div class=\"elementor-widget-container\">\n\t\t\t\t\t\t\t\t\t<p><img decoding=\"async\" class=\"size-medium wp-image-2051 alignright\" src=\"https:\/\/biocodigos.com.br\/pt-BR\/wp-content\/uploads\/2020\/04\/QUIROPRAXIA-2-300x158.jpg\" alt=\"\" width=\"300\" height=\"158\" srcset=\"https:\/\/biocodigos.com.br\/pt-BR\/wp-content\/uploads\/2020\/04\/QUIROPRAXIA-2-300x158.jpg 300w, https:\/\/biocodigos.com.br\/pt-BR\/wp-content\/uploads\/2020\/04\/QUIROPRAXIA-2.jpg 330w\" sizes=\"(max-width: 300px) 100vw, 300px\" \/>Atrav\u00e9s da QUIROPRAXIA, promovemos ajustes osteomioarticulares que restabelecem as fun\u00e7\u00f5es mec\u00e2nicas e a comunica\u00e7\u00e3o nervosa do corpo, facilitando assim seus processos de sa\u00fade (homeostase).<\/p>\t\t\t\t\t\t\t\t<\/div>\n\t\t\t\t<\/div>\n\t\t\t\t\t<\/div>\n\t\t<\/div>\n\t\t\t\t<div class=\"elementor-column elementor-col-33 elementor-top-column elementor-element elementor-element-cb1b253\" data-id=\"cb1b253\" data-element_type=\"column\">\n\t\t\t<div class=\"elementor-widget-wrap\">\n\t\t\t\t\t\t\t<\/div>\n\t\t<\/div>\n\t\t\t\t\t<\/div>\n\t\t<\/section>\n\t\t\t\t<section class=\"elementor-section elementor-top-section elementor-element elementor-element-ba58ebf elementor-section-content-middle elementor-section-boxed elementor-section-height-default elementor-section-height-default\" data-id=\"ba58ebf\" data-element_type=\"section\" data-settings=\"{&quot;background_background&quot;:&quot;classic&quot;,&quot;shape_divider_top&quot;:&quot;tilt&quot;,&quot;shape_divider_bottom&quot;:&quot;tilt&quot;}\">\n\t\t\t\t\t\t\t<div class=\"elementor-background-overlay\"><\/div>\n\t\t\t\t\t\t<div class=\"elementor-shape elementor-shape-top\" data-negative=\"false\">\n\t\t\t<svg xmlns=\"http:\/\/www.w3.org\/2000\/svg\" viewBox=\"0 0 1000 100\" preserveAspectRatio=\"none\">\n\t<path class=\"elementor-shape-fill\" d=\"M0,6V0h1000v100L0,6z\"\/>\n<\/svg>\t\t<\/div>\n\t\t\t\t<div class=\"elementor-shape elementor-shape-bottom\" data-negative=\"false\">\n\t\t\t<svg xmlns=\"http:\/\/www.w3.org\/2000\/svg\" viewBox=\"0 0 1000 100\" preserveAspectRatio=\"none\">\n\t<path class=\"elementor-shape-fill\" d=\"M0,6V0h1000v100L0,6z\"\/>\n<\/svg>\t\t<\/div>\n\t\t\t\t\t<div class=\"elementor-container elementor-column-gap-no\">\n\t\t\t\t\t<div class=\"elementor-column elementor-col-33 elementor-top-column elementor-element elementor-element-a6cdb9a elementor-invisible\" data-id=\"a6cdb9a\" data-element_type=\"column\" data-settings=\"{&quot;animation&quot;:&quot;fadeInUp&quot;}\">\n\t\t\t<div class=\"elementor-widget-wrap elementor-element-populated\">\n\t\t\t\t\t\t<div class=\"elementor-element elementor-element-14919e1 elementor-widget elementor-widget-image\" data-id=\"14919e1\" data-element_type=\"widget\" data-widget_type=\"image.default\">\n\t\t\t\t<div class=\"elementor-widget-container\">\n\t\t\t\t\t\t\t\t\t\t\t\t\t\t\t<img decoding=\"async\" src=\"https:\/\/biocodigos.com.br\/pt-BR\/wp-content\/uploads\/2020\/02\/icone-design-b.png\" title=\"\" alt=\"\" loading=\"lazy\" \/>\t\t\t\t\t\t\t\t\t\t\t\t\t\t\t<\/div>\n\t\t\t\t<\/div>\n\t\t\t\t\t<\/div>\n\t\t<\/div>\n\t\t\t\t<div class=\"elementor-column elementor-col-33 elementor-top-column elementor-element elementor-element-e400c4a elementor-invisible\" data-id=\"e400c4a\" data-element_type=\"column\" data-settings=\"{&quot;animation&quot;:&quot;fadeInUp&quot;}\">\n\t\t\t<div class=\"elementor-widget-wrap elementor-element-populated\">\n\t\t\t\t\t\t<div class=\"elementor-element elementor-element-712cb10 elementor-invisible elementor-widget elementor-widget-heading\" data-id=\"712cb10\" data-element_type=\"widget\" data-settings=\"{&quot;_animation&quot;:&quot;fadeInUp&quot;}\" data-widget_type=\"heading.default\">\n\t\t\t\t<div class=\"elementor-widget-container\">\n\t\t\t\t\t<h2 class=\"elementor-heading-title elementor-size-default\"><b>Oligoterapia<\/b><\/h2>\t\t\t\t<\/div>\n\t\t\t\t<\/div>\n\t\t\t\t<div class=\"elementor-element elementor-element-5960499 elementor-widget-divider--view-line elementor-invisible elementor-widget elementor-widget-divider\" data-id=\"5960499\" data-element_type=\"widget\" data-settings=\"{&quot;_animation&quot;:&quot;fadeInUp&quot;}\" data-widget_type=\"divider.default\">\n\t\t\t\t<div class=\"elementor-widget-container\">\n\t\t\t\t\t\t\t<div class=\"elementor-divider\">\n\t\t\t<span class=\"elementor-divider-separator\">\n\t\t\t\t\t\t<\/span>\n\t\t<\/div>\n\t\t\t\t\t\t<\/div>\n\t\t\t\t<\/div>\n\t\t\t\t<div class=\"elementor-element elementor-element-24386a1 elementor-invisible elementor-widget elementor-widget-text-editor\" data-id=\"24386a1\" data-element_type=\"widget\" data-settings=\"{&quot;_animation&quot;:&quot;fadeInUp&quot;}\" data-widget_type=\"text-editor.default\">\n\t\t\t\t<div class=\"elementor-widget-container\">\n\t\t\t\t\t\t\t\t\t<p><span style=\"color: #ffffff;\"><img decoding=\"async\" class=\" wp-image-2048 alignright\" src=\"https:\/\/biocodigos.com.br\/pt-BR\/wp-content\/uploads\/2020\/04\/FLORAIS-DE-BACH.jpg\" alt=\"\" width=\"129\" height=\"135\" \/>Atrav\u00e9s de avalia\u00e7\u00e3o e recomenda\u00e7\u00e3o de suplementos minerais em sua forma \u00ednfima ponderal (oligo = parte muito pequena, diminuta), auxiliamos uma numerosa quantidade de fun\u00e7\u00f5es e fatores do corpo a restabelecer suas fun\u00e7\u00f5es, facilitando as enzimas a operarem de forma correta e promovendo a renova\u00e7\u00e3o de tecidos com qualidade.<\/span><\/p>\t\t\t\t\t\t\t\t<\/div>\n\t\t\t\t<\/div>\n\t\t\t\t\t<\/div>\n\t\t<\/div>\n\t\t\t\t<div class=\"elementor-column elementor-col-33 elementor-top-column elementor-element elementor-element-e756693\" data-id=\"e756693\" data-element_type=\"column\">\n\t\t\t<div class=\"elementor-widget-wrap\">\n\t\t\t\t\t\t\t<\/div>\n\t\t<\/div>\n\t\t\t\t\t<\/div>\n\t\t<\/section>\n\t\t\t\t<section class=\"elementor-section elementor-top-section elementor-element elementor-element-765693c elementor-section-full_width elementor-section-height-default elementor-section-height-default\" data-id=\"765693c\" data-element_type=\"section\" data-settings=\"{&quot;background_background&quot;:&quot;classic&quot;,&quot;animation_tablet&quot;:&quot;fadeInUp&quot;}\">\n\t\t\t\t\t\t<div class=\"elementor-container elementor-column-gap-wide\">\n\t\t\t\t\t<div class=\"elementor-column elementor-col-33 elementor-top-column elementor-element elementor-element-bf08cfb\" data-id=\"bf08cfb\" data-element_type=\"column\">\n\t\t\t<div class=\"elementor-widget-wrap\">\n\t\t\t\t\t\t\t<\/div>\n\t\t<\/div>\n\t\t\t\t<div class=\"elementor-column elementor-col-33 elementor-top-column elementor-element elementor-element-3c978de\" data-id=\"3c978de\" data-element_type=\"column\">\n\t\t\t<div class=\"elementor-widget-wrap elementor-element-populated\">\n\t\t\t\t\t\t<div class=\"elementor-element elementor-element-0e4bff1 elementor-invisible elementor-widget elementor-widget-heading\" data-id=\"0e4bff1\" data-element_type=\"widget\" data-settings=\"{&quot;_animation&quot;:&quot;fadeInUp&quot;}\" data-widget_type=\"heading.default\">\n\t\t\t\t<div class=\"elementor-widget-container\">\n\t\t\t\t\t<h2 class=\"elementor-heading-title elementor-size-default\"><b>Trofoterapia<\/b><\/h2>\t\t\t\t<\/div>\n\t\t\t\t<\/div>\n\t\t\t\t<div class=\"elementor-element elementor-element-71827a8 elementor-widget-divider--view-line elementor-invisible elementor-widget elementor-widget-divider\" data-id=\"71827a8\" data-element_type=\"widget\" data-settings=\"{&quot;_animation&quot;:&quot;fadeInUp&quot;}\" data-widget_type=\"divider.default\">\n\t\t\t\t<div class=\"elementor-widget-container\">\n\t\t\t\t\t\t\t<div class=\"elementor-divider\">\n\t\t\t<span class=\"elementor-divider-separator\">\n\t\t\t\t\t\t<\/span>\n\t\t<\/div>\n\t\t\t\t\t\t<\/div>\n\t\t\t\t<\/div>\n\t\t\t\t<div class=\"elementor-element elementor-element-9a9f81c elementor-invisible elementor-widget elementor-widget-text-editor\" data-id=\"9a9f81c\" data-element_type=\"widget\" data-settings=\"{&quot;_animation&quot;:&quot;fadeInUp&quot;}\" data-widget_type=\"text-editor.default\">\n\t\t\t\t<div class=\"elementor-widget-container\">\n\t\t\t\t\t\t\t\t\t<p><img loading=\"lazy\" decoding=\"async\" class=\"size-medium wp-image-2054 alignleft\" style=\"font-weight: inherit; color: #01386e;\" src=\"https:\/\/biocodigos.com.br\/pt-BR\/wp-content\/uploads\/2020\/04\/TROFOTERAPIA-300x187.jpg\" alt=\"\" width=\"300\" height=\"187\" srcset=\"https:\/\/biocodigos.com.br\/pt-BR\/wp-content\/uploads\/2020\/04\/TROFOTERAPIA-300x187.jpg 300w, https:\/\/biocodigos.com.br\/pt-BR\/wp-content\/uploads\/2020\/04\/TROFOTERAPIA.jpg 630w\" sizes=\"(max-width: 300px) 100vw, 300px\" \/><\/p><p><span style=\"color: #01386e;\">Atrav\u00e9s da alimenta\u00e7\u00e3o di\u00e1ri<\/span><span style=\"color: #01386e; font-size: 16px;\">a podemos promover quadros melhores de sa\u00fade.<\/span><\/p><p><span style=\"color: #01386e;\">Neste quesito a TROFOTERAPIA nos ajuda a escolher melhor os alimentos e colocar em nosso prato fatores determinantes para o restabelecimento do corpo e suas fun\u00e7\u00f5es.<\/span><\/p>\t\t\t\t\t\t\t\t<\/div>\n\t\t\t\t<\/div>\n\t\t\t\t\t<\/div>\n\t\t<\/div>\n\t\t\t\t<div class=\"elementor-column elementor-col-33 elementor-top-column elementor-element elementor-element-51852d7\" data-id=\"51852d7\" data-element_type=\"column\">\n\t\t\t<div class=\"elementor-widget-wrap\">\n\t\t\t\t\t\t\t<\/div>\n\t\t<\/div>\n\t\t\t\t\t<\/div>\n\t\t<\/section>\n\t\t\t\t<\/div>\n\t\t","protected":false},"excerpt":{"rendered":"<p>Sobre as T\u00e9cnicas Reflexoterapia Podal e Palmar Atrav\u00e9s de est\u00edmulos espec\u00edficos em pontos mapeados nas m\u00e3os e nos p\u00e9s, junto com orienta\u00e7\u00f5es associadas de sa\u00fade, podemos auxiliar o corpo em sua constitui\u00e7\u00e3o f\u00edsica e emocional a operar melhor. Atrav\u00e9s destes c\u00f3digos (mapeamentos), podemos por exemplo resgatar a homeostase do corpo, promovendo inclusive ambientes familiares e &hellip;<\/p>\n<p class=\"read-more\"> <a class=\"\" href=\"https:\/\/biocodigos.com.br\/pt-BR\/as-tecnicas\/\"> <span class=\"screen-reader-text\">As T\u00e9cnicas<\/span> Leia mais &raquo;<\/a><\/p>\n","protected":false},"author":3,"featured_media":0,"parent":0,"menu_order":0,"comment_status":"closed","ping_status":"closed","template":"elementor_header_footer","meta":{"slim_seo":{"facebook_image":"https:\/\/biocodigos.com.br\/pt-BR\/wp-content\/uploads\/2020\/05\/icone-biocodigos.png","twitter_image":"https:\/\/biocodigos.com.br\/pt-BR\/wp-content\/uploads\/2020\/05\/icone-biocodigos.png","title":"As T\u00e9cnicas - BIOC\u00d3DIGOS","description":"Sobre as T\u00e9cnicas Reflexoterapia Podal e Palmar Atrav\u00e9s de est\u00edmulos espec\u00edficos em pontos mapeados nas m\u00e3os e nos p\u00e9s, junto com orienta\u00e7\u00f5es associadas de sa\u00fad"},"footnotes":""},"class_list":["post-179","page","type-page","status-publish","hentry"],"_links":{"self":[{"href":"https:\/\/biocodigos.com.br\/pt-BR\/wp-json\/wp\/v2\/pages\/179","targetHints":{"allow":["GET"]}}],"collection":[{"href":"https:\/\/biocodigos.com.br\/pt-BR\/wp-json\/wp\/v2\/pages"}],"about":[{"href":"https:\/\/biocodigos.com.br\/pt-BR\/wp-json\/wp\/v2\/types\/page"}],"author":[{"embeddable":true,"href":"https:\/\/biocodigos.com.br\/pt-BR\/wp-json\/wp\/v2\/users\/3"}],"replies":[{"embeddable":true,"href":"https:\/\/biocodigos.com.br\/pt-BR\/wp-json\/wp\/v2\/comments?post=179"}],"version-history":[{"count":3,"href":"https:\/\/biocodigos.com.br\/pt-BR\/wp-json\/wp\/v2\/pages\/179\/revisions"}],"predecessor-version":[{"id":4217,"href":"https:\/\/biocodigos.com.br\/pt-BR\/wp-json\/wp\/v2\/pages\/179\/revisions\/4217"}],"wp:attachment":[{"href":"https:\/\/biocodigos.com.br\/pt-BR\/wp-json\/wp\/v2\/media?parent=179"}],"curies":[{"name":"wp","href":"https:\/\/api.w.org\/{rel}","templated":true}]}}