{"id":1882,"date":"2020-04-04T19:50:54","date_gmt":"2020-04-04T19:50:54","guid":{"rendered":"https:\/\/biocodigos.com.br\/pt-BR\/password-reset\/"},"modified":"2020-08-05T00:36:21","modified_gmt":"2020-08-05T00:36:21","slug":"password-reset","status":"publish","type":"page","link":"https:\/\/biocodigos.com.br\/pt-BR\/password-reset\/","title":{"rendered":"Redefinir senha"},"content":{"rendered":"\n<div class=\"wpum-template wpum-form wpum-password-recovery-form\">\n\n\t\n\t<p>\n\t\tPerdeu sua senha? Digite seu nome de usu\u00e1rio ou endere\u00e7o de e-mail. Voc\u00ea receber\u00e1 um link para criar uma nova senha por e-mail.\t<\/p>\n\n\t<form action=\"\/pt-BR\/wp-json\/wp\/v2\/pages\/1882\" method=\"post\" id=\"wpum-submit-password-recovery-form\" enctype=\"multipart\/form-data\">\n\n\t\t\t\t\t<fieldset class=\"fieldset-username_email\">\n\n\t\t\t\t\n\t\t\t\t\t<label for=\"username_email\">\n\t\t\t\t\t\tNome de usu\u00e1rio ou endere\u00e7o de e-mail\t\t\t\t\t\t\t\t\t\t\t\t\t<span class=\"wpum-required\">*<\/span>\n\t\t\t\t\t\t\t\t\t\t\t<\/label>\n\t\t\t\t\t<div class=\"field required-field\">\n\t\t\t\t\t\t\n<input\n\ttype=\"text\"\n\tclass=\"input-text\"\n\tname=\"username_email\"\n\t\tid=\"username_email\"\n\tplaceholder=\"\"\n\tvalue=\"\"\n\tmaxlength=\"\"\n\trequired\t\t\/>\n\t\t\t\t\t<\/div>\n\n\t\t\t\t\n\t\t\t<\/fieldset>\n\t\t\n\t\t<input type=\"hidden\" name=\"wpum_form\" value=\"password-recovery\" \/>\n\t\t<input type=\"hidden\" name=\"step\" value=\"0\" \/>\n\t\t<input type=\"hidden\" id=\"password_recovery_nonce\" name=\"password_recovery_nonce\" value=\"be34b7473a\" \/><input type=\"hidden\" name=\"_wp_http_referer\" value=\"\/pt-BR\/wp-json\/wp\/v2\/pages\/1882\" \/>\t\t<input type=\"submit\" name=\"submit_password_recovery\" class=\"button\" value=\"Redefinir senha\" \/>\n\n\t<\/form>\n\n<\/div>\n\n<ul class=\"wpum-action-links\">\n\t\t<li>\n\t\tJ\u00e1 tem uma conta? <a href=\"https:\/\/biocodigos.com.br\/pt-BR\/login\/\">Acessar &raquo;<\/a>\t<\/li>\n\t\t\t<li>\n\t\tN\u00e3o tem uma conta? <a href=\"https:\/\/biocodigos.com.br\/pt-BR\/register\/\">Cadastre-se &raquo;<\/a>\t<\/li>\n\t\t<\/ul>\n","protected":false},"excerpt":{"rendered":"","protected":false},"author":1,"featured_media":0,"parent":0,"menu_order":0,"comment_status":"closed","ping_status":"closed","template":"","meta":{"slim_seo":{"noindex":"1","title":"Redefinir senha - BIOC\u00d3DIGOS","description":""},"footnotes":""},"class_list":["post-1882","page","type-page","status-publish","hentry"],"_links":{"self":[{"href":"https:\/\/biocodigos.com.br\/pt-BR\/wp-json\/wp\/v2\/pages\/1882","targetHints":{"allow":["GET"]}}],"collection":[{"href":"https:\/\/biocodigos.com.br\/pt-BR\/wp-json\/wp\/v2\/pages"}],"about":[{"href":"https:\/\/biocodigos.com.br\/pt-BR\/wp-json\/wp\/v2\/types\/page"}],"author":[{"embeddable":true,"href":"https:\/\/biocodigos.com.br\/pt-BR\/wp-json\/wp\/v2\/users\/1"}],"replies":[{"embeddable":true,"href":"https:\/\/biocodigos.com.br\/pt-BR\/wp-json\/wp\/v2\/comments?post=1882"}],"version-history":[{"count":0,"href":"https:\/\/biocodigos.com.br\/pt-BR\/wp-json\/wp\/v2\/pages\/1882\/revisions"}],"wp:attachment":[{"href":"https:\/\/biocodigos.com.br\/pt-BR\/wp-json\/wp\/v2\/media?parent=1882"}],"curies":[{"name":"wp","href":"https:\/\/api.w.org\/{rel}","templated":true}]}}