{"id":2241,"date":"2020-04-29T23:46:15","date_gmt":"2020-04-29T23:46:15","guid":{"rendered":"https:\/\/biocodigos.com.br\/pt-BR\/?page_id=2241"},"modified":"2020-08-28T00:36:50","modified_gmt":"2020-08-28T00:36:50","slug":"grafologia","status":"publish","type":"page","link":"https:\/\/biocodigos.com.br\/pt-BR\/cursos\/grafologia\/","title":{"rendered":"Grafologia"},"content":{"rendered":"\t\t<div data-elementor-type=\"wp-page\" data-elementor-id=\"2241\" class=\"elementor elementor-2241\">\n\t\t\t\t\t\t<section class=\"elementor-section elementor-top-section elementor-element elementor-element-a8c88d6 elementor-section-content-middle elementor-section-stretched landing-page elementor-section-boxed elementor-section-height-default elementor-section-height-default\" data-id=\"a8c88d6\" data-element_type=\"section\" data-settings=\"{&quot;background_background&quot;:&quot;classic&quot;,&quot;shape_divider_top&quot;:&quot;tilt&quot;,&quot;shape_divider_bottom&quot;:&quot;tilt&quot;,&quot;stretch_section&quot;:&quot;section-stretched&quot;}\">\n\t\t\t\t\t\t\t<div class=\"elementor-background-overlay\"><\/div>\n\t\t\t\t\t\t<div class=\"elementor-shape elementor-shape-top\" data-negative=\"false\">\n\t\t\t<svg xmlns=\"http:\/\/www.w3.org\/2000\/svg\" viewBox=\"0 0 1000 100\" preserveAspectRatio=\"none\">\n\t<path class=\"elementor-shape-fill\" d=\"M0,6V0h1000v100L0,6z\"\/>\n<\/svg>\t\t<\/div>\n\t\t\t\t<div class=\"elementor-shape elementor-shape-bottom\" data-negative=\"false\">\n\t\t\t<svg xmlns=\"http:\/\/www.w3.org\/2000\/svg\" viewBox=\"0 0 1000 100\" preserveAspectRatio=\"none\">\n\t<path class=\"elementor-shape-fill\" d=\"M0,6V0h1000v100L0,6z\"\/>\n<\/svg>\t\t<\/div>\n\t\t\t\t\t<div class=\"elementor-container elementor-column-gap-no\">\n\t\t\t\t\t<div class=\"elementor-column elementor-col-50 elementor-top-column elementor-element elementor-element-7fd3c1b\" data-id=\"7fd3c1b\" data-element_type=\"column\" data-settings=\"{&quot;background_background&quot;:&quot;classic&quot;}\">\n\t\t\t<div class=\"elementor-widget-wrap elementor-element-populated\">\n\t\t\t\t\t\t<div class=\"elementor-element elementor-element-1500c58 elementor-invisible elementor-widget elementor-widget-image\" data-id=\"1500c58\" data-element_type=\"widget\" data-settings=\"{&quot;_animation&quot;:&quot;fadeInUp&quot;}\" data-widget_type=\"image.default\">\n\t\t\t\t<div class=\"elementor-widget-container\">\n\t\t\t\t\t\t\t\t\t\t\t\t\t\t\t<img fetchpriority=\"high\" decoding=\"async\" width=\"600\" height=\"262\" src=\"https:\/\/biocodigos.com.br\/pt-BR\/wp-content\/uploads\/2020\/04\/pexels-photo-753695.png\" class=\"attachment-large size-large wp-image-2252\" alt=\"Grafologia\" srcset=\"https:\/\/biocodigos.com.br\/pt-BR\/wp-content\/uploads\/2020\/04\/pexels-photo-753695.png 600w, https:\/\/biocodigos.com.br\/pt-BR\/wp-content\/uploads\/2020\/04\/pexels-photo-753695-300x131.png 300w\" sizes=\"(max-width: 600px) 100vw, 600px\" \/>\t\t\t\t\t\t\t\t\t\t\t\t\t\t\t<\/div>\n\t\t\t\t<\/div>\n\t\t\t\t<div class=\"elementor-element elementor-element-9e7fd5e elementor-invisible elementor-widget elementor-widget-heading\" data-id=\"9e7fd5e\" data-element_type=\"widget\" data-settings=\"{&quot;_animation&quot;:&quot;fadeInUp&quot;}\" data-widget_type=\"heading.default\">\n\t\t\t\t<div class=\"elementor-widget-container\">\n\t\t\t\t\t<h4 class=\"elementor-heading-title elementor-size-default\"><b>Conte\u00fado<\/b><\/h4>\t\t\t\t<\/div>\n\t\t\t\t<\/div>\n\t\t\t\t<div class=\"elementor-element elementor-element-be6d546 elementor-invisible elementor-widget elementor-widget-text-editor\" data-id=\"be6d546\" data-element_type=\"widget\" data-settings=\"{&quot;_animation&quot;:&quot;fadeInUp&quot;}\" data-widget_type=\"text-editor.default\">\n\t\t\t\t<div class=\"elementor-widget-container\">\n\t\t\t\t\t\t\t\t\t<p><span style=\"color: #ffffff;\">Pela caligrafia cursiva de uma pessoa se pode saber muito de sua personalidade.<\/span><\/p><p style=\"text-align: left;\"><strong><span style=\"color: #ffffff;\">Quer se conhecer melhor?<\/span><\/strong><\/p><p><strong><span style=\"color: #ffffff;\">Quer conhecer melhor outras pessoas como seus filhos, c\u00f4njuge, s\u00f3cio na empresa, candidato a emprego?<\/span><\/strong><\/p><p><strong><span style=\"color: #ffffff;\">\u00a0\u00a0<\/span><\/strong><\/p><p style=\"text-align: center;\"><span style=\"color: #ffff00; font-size: 20px;\"><strong>Ent\u00e3o venha fazer o Curso Pr\u00e1tico de Grafologia.<\/strong><\/span><strong style=\"color: #ffff00; font-size: 20px;\">\u00a0<\/strong><\/p><p><span style=\"color: #ffffff;\">\u00a0<\/span><\/p><p><span style=\"color: #ffffff;\">Nele ser\u00e3o explicados os mecanismos que fazem da caligrafia um <strong>espelho da alma<\/strong>\u00a0bem como suas aplica\u00e7\u00f5es e limita\u00e7\u00f5es.<\/span><\/p><p><span style=\"color: #ffffff;\">Voc\u00ea vai aprender as <b>caracter\u00edsticas gerais<\/b>, b\u00e1sicas, da grafologia e <b>mais de 100 caracter\u00edsticas de tra\u00e7os espec\u00edficos<\/b> que permitem construir uma imagem bem abrangente da personalidade da pessoa que escreveu.<\/span><\/p><p><span style=\"color: #ffffff;\">Os alunos far\u00e3o <b>exerc\u00edcios <\/b>analisando sua <b>pr\u00f3pria caligrafia<\/b> e de <b>outros alunos<\/b> que quiserem compartilhar sua caligrafia e do professor.<\/span><\/p>\t\t\t\t\t\t\t\t<\/div>\n\t\t\t\t<\/div>\n\t\t\t\t<div class=\"elementor-element elementor-element-55ac76f elementor-invisible elementor-widget elementor-widget-heading\" data-id=\"55ac76f\" data-element_type=\"widget\" data-settings=\"{&quot;_animation&quot;:&quot;fadeInUp&quot;}\" data-widget_type=\"heading.default\">\n\t\t\t\t<div class=\"elementor-widget-container\">\n\t\t\t\t\t<h4 class=\"elementor-heading-title elementor-size-default\"><b>Programa<\/b><\/h4>\t\t\t\t<\/div>\n\t\t\t\t<\/div>\n\t\t\t\t<div class=\"elementor-element elementor-element-257653e elementor-invisible elementor-widget elementor-widget-text-editor\" data-id=\"257653e\" data-element_type=\"widget\" data-settings=\"{&quot;_animation&quot;:&quot;fadeInUp&quot;}\" data-widget_type=\"text-editor.default\">\n\t\t\t\t<div class=\"elementor-widget-container\">\n\t\t\t\t\t\t\t\t\t<p><span style=\"color: #ffffff;\"><b>M\u00f3dulo 1<\/b><\/span><\/p><ul><li><span style=\"color: #ffffff;\">Cuidado com r\u00f3tulos<\/span><\/li><li><span style=\"color: #ffffff;\">Explica\u00e7\u00e3o de como funciona<\/span><\/li><li><span style=\"color: #ffffff;\">Por qu\u00ea melhor com letra cursiva<\/span><\/li><li><span style=\"color: #ffffff;\">O que n\u00e3o d\u00e1 para ver pela caligrafia<\/span><\/li><li><span style=\"color: #ffffff;\">Aplica\u00e7\u00f5es da grafologia<\/span><\/li><li><span style=\"color: #ffffff;\">Melhores condi\u00e7\u00f5es para a amostra caligr\u00e1fica<\/span><\/li><li><span style=\"color: #ffffff;\">Vis\u00e3o Global<\/span><\/li><li><span style=\"color: #ffffff;\">Tamanho das letras<\/span><\/li><li><span style=\"color: #ffffff;\">For\u00e7a do tra\u00e7o<\/span><\/li><li><span style=\"color: #ffffff;\">Tra\u00e7os:<\/span><\/li><li><span style=\"color: #ffffff;\">Capacidade de concentra\u00e7\u00e3o, grande densidade emocional, baixa densidade emocional, intui\u00e7\u00e3o<\/span><\/li><\/ul><div>\u00a0<\/div><p><span style=\"color: #ffffff;\"><b>M\u00f3dulo 2<\/b><\/span><\/p><ul><li><span style=\"color: #ffffff;\">Regi\u00f5es da escrita<\/span><\/li><li><span style=\"color: #ffffff;\">Tra\u00e7os: otimismo, perfeccionismo, muitas coisas ao mesmo tempo, vive para o momento, c\u00f4nscia dos limites sociais, evita o passado, medo do futuro, n\u00e3o v\u00ea limites ou barreiras, modesto e formal, direto e informal, reservado e avoado, foge do passado, fadiga interna ou depress\u00e3o,\u00a0 pessoa ferina\/desejo de adquirir, pessoa desafiadora e rebelde, impulsividade, sem interesse, desejo de se comunicar.<\/span><\/li><\/ul><p><span style=\"color: #ffffff;\">\u00a0<\/span><\/p><p><span style=\"color: #ffffff;\"><b>M\u00f3dulo 3<\/b><\/span><\/p><ul><li><span style=\"color: #ffffff;\">Inclina\u00e7\u00e3o da escrita \u2013 significado e como medir \u2013 exerc\u00edcios pr\u00e1ticos<\/span><\/li><li><span style=\"color: #ffffff;\">Uso do gabarito<\/span><\/li><li><span style=\"color: #ffffff;\">Tra\u00e7os:\u00a0<span style=\"font-size: 14px;\">Perfil emocional dos 6 tipos de inclina\u00e7\u00e3o e de m\u00faltiplas inclina\u00e7\u00f5es<\/span><\/span><\/li><\/ul><p><span style=\"color: #ffffff;\">\u00a0<\/span><\/p><p><span style=\"color: #ffffff;\"><b>M\u00f3dulo 4<\/b><\/span><\/p><ul><li><span style=\"color: #ffffff;\">Tra\u00e7os:\u00a0<span style=\"font-size: 14px;\">Pensador anal\u00edtico, pensador de alto n\u00edvel, pensador cumulativo\/met\u00f3dico, pensador investigativo\/explorador, dificuldade para raciocinar, pensamento superficial, medo da opini\u00e3o dos outros, diplomacia, baixa autoestima, autoestima mediana\/pr\u00e1tica, alta autoestima\/vision\u00e1rio, entusiasmo, sonhador, for\u00e7a de vontade, dominante, dominador\/manipulador, procrastina\u00e7\u00e3o, sarcasmo, autocontrole, autocr\u00edtica\/puni\u00e7\u00e3o\/culpa, pensamento superficial, irrita\u00e7\u00e3o, direto ao assunto, persist\u00eancia, persist\u00eancia cega, teimosia, n\u00e3o se deixa apressar.<\/span><\/span><\/li><\/ul><p><span style=\"color: #ffffff;\">\u00a0<\/span><\/p><p><span style=\"color: #ffffff;\"><b>M\u00f3dulo 5<\/b><\/span><\/p><ul><li><span style=\"color: #ffffff;\">Tra\u00e7os:\u00a0<span style=\"font-size: 14px;\">Pensamento independente, orgulho e dignidade, vaidade, sens\u00edvel a cr\u00edticas, complexo de culpa, aberto em rela\u00e7\u00e3o a filosofias, fechado em rela\u00e7\u00e3o a filosofias, senso de humor\/espirituosidade, ci\u00fame, quer responsabilidades, vontade de adquirir, pessoa distra\u00edda, aten\u00e7\u00e3o a detalhes, desejo de ser diferente, lealdade, irritabilidade, franqueza, falante, ouvinte seletivo, engana a si mesmo, mentiroso intencional, mentiroso patol\u00f3gico, problemas com sexo oposto, generosidade, desejo de aten\u00e7\u00e3o, desejo de aten\u00e7\u00e3o, cautela,\u00a0<\/span><\/span><\/li><\/ul><p><span style=\"color: #ffffff;\"><b>\u00a0<\/b><\/span><\/p><p><span style=\"color: #ffffff;\"><b>M\u00f3dulo 6<\/b><\/span><\/p><ul><li><span style=\"color: #ffffff;\">Breve vis\u00e3o sobre assinaturas<\/span><\/li><li><span style=\"color: #ffffff;\">Tra\u00e7os:\u00a0<span style=\"font-size: 14px;\">pessoa desafiadora, apre\u00e7o por cultura, fluidez de pensamento, habilidade organizacional, pessoa questionadora, agressividade, ressentimento\/raiva, necessidade de atividade f\u00edsica, determina\u00e7\u00e3o, grande energia f\u00edsica, imagina\u00e7\u00e3o sexual\/credulidade\/exagero, socialmente seletivo, medo de intimidade, exclusivismo\/membro de um cl\u00e3, medo do sucesso\/auto sabotagem, frustra\u00e7\u00e3o f\u00edsica, conflitos internos\/frustra\u00e7\u00e3o, autoconfian\u00e7a\/ego, confian\u00e7a em si mesmo\/lideran\u00e7a, regido por princ\u00edpios, utilit\u00e1rio\/funcional, busca sinergia\/conveni\u00eancia, impetuoso<\/span><\/span><\/li><\/ul><p><span style=\"color: #ffffff;\"><b>\u00a0<\/b><\/span><\/p><p><span style=\"color: #ffffff;\"><b>M\u00f3dulo 7<\/b><\/span><\/p><ul><li><span style=\"color: #ffffff;\">Como fazer um relat\u00f3rio de an\u00e1lise caligr\u00e1fica<\/span><\/li><li><span style=\"color: #ffffff;\">Modelo de relat\u00f3rio<\/span><\/li><\/ul>\t\t\t\t\t\t\t\t<\/div>\n\t\t\t\t<\/div>\n\t\t\t\t<div class=\"elementor-element elementor-element-e59704d elementor-invisible elementor-widget elementor-widget-heading\" data-id=\"e59704d\" data-element_type=\"widget\" data-settings=\"{&quot;_animation&quot;:&quot;fadeInUp&quot;}\" data-widget_type=\"heading.default\">\n\t\t\t\t<div class=\"elementor-widget-container\">\n\t\t\t\t\t<h4 class=\"elementor-heading-title elementor-size-default\"><b>Dura\u00e7\u00e3o: <span style=\"color: yellow\">16h<\/span><\/b><\/h4>\t\t\t\t<\/div>\n\t\t\t\t<\/div>\n\t\t\t\t<div class=\"elementor-element elementor-element-54325ab elementor-invisible elementor-widget elementor-widget-heading\" data-id=\"54325ab\" data-element_type=\"widget\" data-settings=\"{&quot;_animation&quot;:&quot;fadeInUp&quot;}\" data-widget_type=\"heading.default\">\n\t\t\t\t<div class=\"elementor-widget-container\">\n\t\t\t\t\t<h4 class=\"elementor-heading-title elementor-size-default\"><b>Valor do Curso: <span style=\"color: yellow\">R$ 490<sup style=\"font-size: 22px\">00<\/sup><\/span><\/b><\/h4>\t\t\t\t<\/div>\n\t\t\t\t<\/div>\n\t\t\t\t<div class=\"elementor-element elementor-element-b320884 elementor-invisible elementor-widget elementor-widget-text-editor\" data-id=\"b320884\" data-element_type=\"widget\" data-settings=\"{&quot;_animation&quot;:&quot;fadeInUp&quot;}\" data-widget_type=\"text-editor.default\">\n\t\t\t\t<div class=\"elementor-widget-container\">\n\t\t\t\t\t\t\t\t\t<div><span style=\"color: #ffff00; font-size: 22px;\">*&nbsp;<\/span><span style=\"font-size: 22px; color: rgb(255, 255, 0);\">Descontos Especiais para Associados ABRTA<\/span><\/div>\n<p><span style=\"font-size: 22px; font-style: normal; font-weight: 400; color: rgb(255, 255, 0);\"><br><\/span><\/p>\n<div><span style=\"font-size: 22px; font-style: normal; font-weight: 400; color: rgb(255, 255, 0);\">**<\/span><span style=\"font-size: 22px; font-style: normal; font-weight: 400; color: rgb(255, 255, 0);\">&nbsp;<\/span><span style=\"font-size: 22px; font-style: normal; font-weight: 400; color: rgb(255, 255, 0);\">Para mais promo\u00e7\u00f5es sobre este curso entre em contato atrav\u00e9s do telefone&nbsp;<a href=\"https:\/\/api.whatsapp.com\/send?phone=5548991928081\" style=\"font-size: 22px; color: rgb(255, 255, 0); text-decoration-line: underline !important;\">(48) 99192-8081&nbsp;<img decoding=\"async\" class=\"alignnone wp-image-2261\" src=\"https:\/\/biocodigos.com.br\/pt-BR\/wp-content\/uploads\/2020\/04\/whatsapp.png\" alt=\"\" width=\"20\" height=\"20\"><\/a><\/span><br><\/div>\t\t\t\t\t\t\t\t<\/div>\n\t\t\t\t<\/div>\n\t\t\t\t\t<\/div>\n\t\t<\/div>\n\t\t\t\t<div class=\"elementor-column elementor-col-50 elementor-top-column elementor-element elementor-element-0fa923d bio_formulario form_curso \" data-id=\"0fa923d\" data-element_type=\"column\" data-settings=\"{&quot;background_background&quot;:&quot;gradient&quot;}\">\n\t\t\t<div class=\"elementor-widget-wrap elementor-element-populated\">\n\t\t\t\t\t\t<div class=\"elementor-element elementor-element-500433d elementor-invisible elementor-widget elementor-widget-heading\" data-id=\"500433d\" data-element_type=\"widget\" data-settings=\"{&quot;_animation&quot;:&quot;fadeInUp&quot;}\" data-widget_type=\"heading.default\">\n\t\t\t\t<div class=\"elementor-widget-container\">\n\t\t\t\t\t<h2 class=\"elementor-heading-title elementor-size-default\"><b>Cadastre-se agora mesmo para garantir sua vaga!<\/b><\/h2>\t\t\t\t<\/div>\n\t\t\t\t<\/div>\n\t\t\t\t<div class=\"elementor-element elementor-element-bb22a3c elementor-invisible elementor-widget elementor-widget-shortcode\" data-id=\"bb22a3c\" data-element_type=\"widget\" data-settings=\"{&quot;_animation&quot;:&quot;fadeInUp&quot;}\" data-widget_type=\"shortcode.default\">\n\t\t\t\t<div class=\"elementor-widget-container\">\n\t\t\t\t\t\t\t<div class=\"elementor-shortcode\">\n<div class=\"wpcf7 no-js\" id=\"wpcf7-f2243-o1\" lang=\"pt-BR\" dir=\"ltr\" data-wpcf7-id=\"2243\">\n<div class=\"screen-reader-response\"><p role=\"status\" aria-live=\"polite\" aria-atomic=\"true\"><\/p> <ul><\/ul><\/div>\n<form action=\"\/pt-BR\/wp-json\/wp\/v2\/pages\/2241#wpcf7-f2243-o1\" method=\"post\" class=\"wpcf7-form init\" aria-label=\"Formul\u00e1rios de contato\" novalidate=\"novalidate\" data-status=\"init\">\n<div style=\"display: none;\">\n<input type=\"hidden\" name=\"_wpcf7\" value=\"2243\" \/>\n<input type=\"hidden\" name=\"_wpcf7_version\" value=\"6.0.6\" \/>\n<input type=\"hidden\" name=\"_wpcf7_locale\" value=\"pt_BR\" \/>\n<input type=\"hidden\" name=\"_wpcf7_unit_tag\" value=\"wpcf7-f2243-o1\" \/>\n<input type=\"hidden\" name=\"_wpcf7_container_post\" value=\"0\" \/>\n<input type=\"hidden\" name=\"_wpcf7_posted_data_hash\" value=\"\" \/>\n<input type=\"hidden\" name=\"_wpcf7_recaptcha_response\" value=\"\" \/>\n<\/div>\n<p><label> Curso de interesse*<br \/>\n<span class=\"wpcf7-form-control-wrap\" data-name=\"curso\"><select class=\"wpcf7-form-control wpcf7-select\" aria-invalid=\"false\" name=\"curso\"><option value=\"Grafologia\">Grafologia<\/option><\/select><\/span> <\/label>\n<\/p>\n<p><label> Seu nome*<br \/>\n<span class=\"wpcf7-form-control-wrap\" data-name=\"nome\"><input size=\"40\" maxlength=\"400\" class=\"wpcf7-form-control wpcf7-text wpcf7-validates-as-required\" aria-required=\"true\" aria-invalid=\"false\" value=\"\" type=\"text\" name=\"nome\" \/><\/span> <\/label>\n<\/p>\n<p><label> Seu e-mail*<br \/>\n<span class=\"wpcf7-form-control-wrap\" data-name=\"email\"><input size=\"40\" maxlength=\"400\" class=\"wpcf7-form-control wpcf7-email wpcf7-validates-as-required wpcf7-text wpcf7-validates-as-email\" aria-required=\"true\" aria-invalid=\"false\" value=\"\" type=\"email\" name=\"email\" \/><\/span> <\/label>\n<\/p>\n<p><label> Seu celular (ddd + n\u00famero)*<br \/>\n<span class=\"wpcf7-form-control-wrap\" data-name=\"celular\"><input size=\"40\" maxlength=\"400\" class=\"wpcf7-form-control wpcf7-text wpcf7-validates-as-required format_fone_com_ddd\" aria-required=\"true\" aria-invalid=\"false\" value=\"\" type=\"text\" name=\"celular\" \/><\/span> <\/label>\n<\/p>\n<p><label> Seu CPF<br \/>\n<span class=\"wpcf7-form-control-wrap\" data-name=\"CPF\"><input size=\"40\" maxlength=\"400\" class=\"wpcf7-form-control wpcf7-text format_cpf\" aria-invalid=\"false\" value=\"\" type=\"text\" name=\"CPF\" \/><\/span> <\/label>\n<\/p>\n<p><label> Seu RG<br \/>\n<span class=\"wpcf7-form-control-wrap\" data-name=\"RG\"><input size=\"40\" maxlength=\"400\" class=\"wpcf7-form-control wpcf7-text\" aria-invalid=\"false\" value=\"\" type=\"text\" name=\"RG\" \/><\/span> <\/label>\n<\/p>\n<p><label> Cidade*<br \/>\n<span class=\"wpcf7-form-control-wrap\" data-name=\"cidade\"><input size=\"40\" maxlength=\"400\" class=\"wpcf7-form-control wpcf7-text wpcf7-validates-as-required\" aria-required=\"true\" aria-invalid=\"false\" value=\"\" type=\"text\" name=\"cidade\" \/><\/span> <\/label>\n<\/p>\n<p><label> Estado*<br \/>\n<span class=\"wpcf7-form-control-wrap\" data-name=\"estado\"><select class=\"wpcf7-form-control wpcf7-select\" aria-invalid=\"false\" name=\"estado\"><option value=\"AC\">AC<\/option><option value=\"AL\">AL<\/option><option value=\"AP\">AP<\/option><option value=\"AM\">AM<\/option><option value=\"BA\">BA<\/option><option value=\"CE\">CE<\/option><option value=\"DF\">DF<\/option><option value=\"ES\">ES<\/option><option value=\"GO\">GO<\/option><option value=\"MA\">MA<\/option><option value=\"MT\">MT<\/option><option value=\"MS\">MS<\/option><option value=\"MG\">MG<\/option><option value=\"PA\">PA<\/option><option value=\"PB\">PB<\/option><option value=\"PR\">PR<\/option><option value=\"PE\">PE<\/option><option value=\"PI\">PI<\/option><option value=\"RJ\">RJ<\/option><option value=\"RN\">RN<\/option><option value=\"RS\">RS<\/option><option value=\"RO\">RO<\/option><option value=\"RR\">RR<\/option><option value=\"SC\">SC<\/option><option value=\"SP\">SP<\/option><option value=\"SE\">SE<\/option><option value=\"TO\">TO<\/option><option value=\"Outro pa\u00eds\">Outro pa\u00eds<\/option><\/select><\/span> <\/label>\n<\/p>\n<hr \/>\n<p><label><b>Outras informa\u00e7\u00f5es<\/b><\/label>\n<\/p>\n<p><label> Qual melhor hor\u00e1rio para participar do curso*<br \/>\n<span class=\"wpcf7-form-control-wrap\" data-name=\"horario\"><select class=\"wpcf7-form-control wpcf7-select\" aria-invalid=\"false\" name=\"horario\"><option value=\"Durante a semana de manh\u00e3\">Durante a semana de manh\u00e3<\/option><option value=\"Durante a semana \u00e0 tarde\">Durante a semana \u00e0 tarde<\/option><option value=\"Durante a semana \u00e0 noite\">Durante a semana \u00e0 noite<\/option><option value=\"Final de semana\">Final de semana<\/option><option value=\"Estou dispon\u00edvel qualquer hor\u00e1rio\">Estou dispon\u00edvel qualquer hor\u00e1rio<\/option><\/select><\/span> <\/label>\n<\/p>\n<p><label> Informe o nome de quem indicou este curso!<br \/>\n<span class=\"wpcf7-form-control-wrap\" data-name=\"indicacao\" value =\"\"><input size=\"40\" maxlength=\"400\" class=\"wpcf7-form-control wpcf7-text\" aria-invalid=\"false\" value=\"\" type=\"text\" name=\"indicacao\" value =\"\" \/><\/span> <\/label>\n<\/p>\n<p><label> Qual seu objetivo com o curso?<br \/>\n<span class=\"wpcf7-form-control-wrap\" data-name=\"objetivo\"><textarea cols=\"40\" rows=\"10\" maxlength=\"2000\" class=\"wpcf7-form-control wpcf7-textarea\" aria-invalid=\"false\" name=\"objetivo\"><\/textarea><\/span> <\/label>\n<\/p>\n<span class=\"wpcf7-form-control-wrap recaptcha\" data-name=\"recaptcha\"><span data-sitekey=\"6LfMAsUUAAAAACXmmR4s02428w06EGLqjGa4R1af\" class=\"wpcf7-form-control wpcf7-recaptcha g-recaptcha\"><\/span>\r\n<noscript>\r\n\t<div class=\"grecaptcha-noscript\">\r\n\t\t<iframe src=\"https:\/\/www.google.com\/recaptcha\/api\/fallback?k=6LfMAsUUAAAAACXmmR4s02428w06EGLqjGa4R1af\" frameborder=\"0\" scrolling=\"no\" width=\"310\" height=\"430\">\r\n\t\t<\/iframe>\r\n\t\t<textarea name=\"g-recaptcha-response\" rows=\"3\" cols=\"40\" placeholder=\"reCaptcha Response Here\">\r\n\t\t<\/textarea>\r\n\t<\/div>\r\n<\/noscript>\r\n<\/span>\n<p><span class=\"wpcf7-form-control-wrap\" data-name=\"aprovacao_uso_depoimento\"><span class=\"wpcf7-form-control wpcf7-checkbox\"><span class=\"wpcf7-list-item first last\"><label><input type=\"checkbox\" name=\"aprovacao_uso_depoimento[]\" value=\"Permito que a BIOC\u00d3DIGOS utilize meu depoimento para a divulga\u00e7\u00e3o do curso em canais como Youtube, Instagram, Whatsapp ou no Site.\" \/><span class=\"wpcf7-list-item-label\">Permito que a BIOC\u00d3DIGOS utilize meu depoimento para a divulga\u00e7\u00e3o do curso em canais como Youtube, Instagram, Whatsapp ou no Site.<\/span><\/label><\/span><\/span><\/span>\n<\/p>\n<p><span class=\"wpcf7-form-control-wrap\" data-name=\"termos-de-aceite\"><span class=\"wpcf7-form-control wpcf7-acceptance\"><span class=\"wpcf7-list-item\"><label><input type=\"checkbox\" name=\"termos-de-aceite\" value=\"1\" aria-invalid=\"false\" \/><span class=\"wpcf7-list-item-label\">Li e aceito a <a href=\"https:\/\/biocodigos.com.br\/pt-BR\/politica-de-privacidade\/\" target=\"_blank\">Pol\u00edtica de Privacidade<\/a> e permito que <b>BIOC\u00d3DIGOS<\/b> colete e armazene os dados que envio atrav\u00e9s deste formul\u00e1rio. *<\/span><\/label><\/span><\/span><\/span>\n<\/p>\n<p><input class=\"wpcf7-form-control wpcf7-submit has-spinner\" type=\"submit\" value=\"Enviar\" \/>\n<\/p><div class=\"wpcf7-response-output\" aria-hidden=\"true\"><\/div>\n<\/form>\n<\/div>\n<\/div>\n\t\t\t\t\t\t<\/div>\n\t\t\t\t<\/div>\n\t\t\t\t\t<\/div>\n\t\t<\/div>\n\t\t\t\t\t<\/div>\n\t\t<\/section>\n\t\t\t\t<\/div>\n\t\t","protected":false},"excerpt":{"rendered":"<p>Conte\u00fado Pela caligrafia cursiva de uma pessoa se pode saber muito de sua personalidade. Quer se conhecer melhor? Quer conhecer melhor outras pessoas como seus filhos, c\u00f4njuge, s\u00f3cio na empresa, candidato a emprego? \u00a0\u00a0 Ent\u00e3o venha fazer o Curso Pr\u00e1tico de Grafologia.\u00a0 \u00a0 Nele ser\u00e3o explicados os mecanismos que fazem da caligrafia um espelho da &hellip;<\/p>\n<p class=\"read-more\"> <a class=\"\" href=\"https:\/\/biocodigos.com.br\/pt-BR\/cursos\/grafologia\/\"> <span class=\"screen-reader-text\">Grafologia<\/span> Leia mais &raquo;<\/a><\/p>\n","protected":false},"author":3,"featured_media":0,"parent":337,"menu_order":0,"comment_status":"open","ping_status":"closed","template":"elementor_header_footer","meta":{"slim_seo":{"title":"Curso Grafologia - BIOC\u00d3DIGOS","facebook_image":"https:\/\/biocodigos.com.br\/pt-BR\/wp-content\/uploads\/2020\/05\/icone-biocodigos.png","twitter_image":"https:\/\/biocodigos.com.br\/pt-BR\/wp-content\/uploads\/2020\/05\/icone-biocodigos.png","description":"Conte\u00fado Pela caligrafia cursiva de uma pessoa se pode saber muito de sua personalidade. Quer se conhecer melhor? Quer conhecer melhor outras pessoas como seus"},"footnotes":""},"class_list":["post-2241","page","type-page","status-publish","hentry"],"_links":{"self":[{"href":"https:\/\/biocodigos.com.br\/pt-BR\/wp-json\/wp\/v2\/pages\/2241","targetHints":{"allow":["GET"]}}],"collection":[{"href":"https:\/\/biocodigos.com.br\/pt-BR\/wp-json\/wp\/v2\/pages"}],"about":[{"href":"https:\/\/biocodigos.com.br\/pt-BR\/wp-json\/wp\/v2\/types\/page"}],"author":[{"embeddable":true,"href":"https:\/\/biocodigos.com.br\/pt-BR\/wp-json\/wp\/v2\/users\/3"}],"replies":[{"embeddable":true,"href":"https:\/\/biocodigos.com.br\/pt-BR\/wp-json\/wp\/v2\/comments?post=2241"}],"version-history":[{"count":0,"href":"https:\/\/biocodigos.com.br\/pt-BR\/wp-json\/wp\/v2\/pages\/2241\/revisions"}],"up":[{"embeddable":true,"href":"https:\/\/biocodigos.com.br\/pt-BR\/wp-json\/wp\/v2\/pages\/337"}],"wp:attachment":[{"href":"https:\/\/biocodigos.com.br\/pt-BR\/wp-json\/wp\/v2\/media?parent=2241"}],"curies":[{"name":"wp","href":"https:\/\/api.w.org\/{rel}","templated":true}]}}