{"id":2450,"date":"2020-05-07T18:32:36","date_gmt":"2020-05-07T18:32:36","guid":{"rendered":"https:\/\/biocodigos.com.br\/pt-BR\/?page_id=2450"},"modified":"2023-01-31T13:32:19","modified_gmt":"2023-01-31T13:32:19","slug":"especializacao-em-reflexoterapia","status":"publish","type":"page","link":"https:\/\/biocodigos.com.br\/pt-BR\/cursos\/especializacao-em-reflexoterapia\/","title":{"rendered":"Especializa\u00e7\u00e3o em Reflexoterapia"},"content":{"rendered":"\t\t<div data-elementor-type=\"wp-page\" data-elementor-id=\"2450\" class=\"elementor elementor-2450\">\n\t\t\t\t\t\t<section class=\"elementor-section elementor-top-section elementor-element elementor-element-a8c88d6 elementor-section-content-middle elementor-section-stretched landing-page elementor-section-boxed elementor-section-height-default elementor-section-height-default\" data-id=\"a8c88d6\" data-element_type=\"section\" data-settings=\"{&quot;background_background&quot;:&quot;classic&quot;,&quot;shape_divider_top&quot;:&quot;tilt&quot;,&quot;shape_divider_bottom&quot;:&quot;tilt&quot;,&quot;stretch_section&quot;:&quot;section-stretched&quot;}\">\n\t\t\t\t\t\t\t<div class=\"elementor-background-overlay\"><\/div>\n\t\t\t\t\t\t<div class=\"elementor-shape elementor-shape-top\" data-negative=\"false\">\n\t\t\t<svg xmlns=\"http:\/\/www.w3.org\/2000\/svg\" viewBox=\"0 0 1000 100\" preserveAspectRatio=\"none\">\n\t<path class=\"elementor-shape-fill\" d=\"M0,6V0h1000v100L0,6z\"\/>\n<\/svg>\t\t<\/div>\n\t\t\t\t<div class=\"elementor-shape elementor-shape-bottom\" data-negative=\"false\">\n\t\t\t<svg xmlns=\"http:\/\/www.w3.org\/2000\/svg\" viewBox=\"0 0 1000 100\" preserveAspectRatio=\"none\">\n\t<path class=\"elementor-shape-fill\" d=\"M0,6V0h1000v100L0,6z\"\/>\n<\/svg>\t\t<\/div>\n\t\t\t\t\t<div class=\"elementor-container elementor-column-gap-no\">\n\t\t\t\t\t<div class=\"elementor-column elementor-col-50 elementor-top-column elementor-element elementor-element-7fd3c1b\" data-id=\"7fd3c1b\" data-element_type=\"column\">\n\t\t\t<div class=\"elementor-widget-wrap elementor-element-populated\">\n\t\t\t\t\t\t<div class=\"elementor-element elementor-element-1500c58 elementor-invisible elementor-widget elementor-widget-image\" data-id=\"1500c58\" data-element_type=\"widget\" data-settings=\"{&quot;_animation&quot;:&quot;fadeInUp&quot;}\" data-widget_type=\"image.default\">\n\t\t\t\t<div class=\"elementor-widget-container\">\n\t\t\t\t\t\t\t\t\t\t\t\t\t\t\t<img fetchpriority=\"high\" decoding=\"async\" width=\"1024\" height=\"1024\" src=\"https:\/\/biocodigos.com.br\/pt-BR\/wp-content\/uploads\/2023\/01\/Reflexo-e-cursos-1-1024x1024.png\" class=\"attachment-large size-large wp-image-4082\" alt=\"Reflexo e cursos (1)\" srcset=\"https:\/\/biocodigos.com.br\/pt-BR\/wp-content\/uploads\/2023\/01\/Reflexo-e-cursos-1.png 1024w, https:\/\/biocodigos.com.br\/pt-BR\/wp-content\/uploads\/2023\/01\/Reflexo-e-cursos-1-300x300.png 300w, https:\/\/biocodigos.com.br\/pt-BR\/wp-content\/uploads\/2023\/01\/Reflexo-e-cursos-1-150x150.png 150w, https:\/\/biocodigos.com.br\/pt-BR\/wp-content\/uploads\/2023\/01\/Reflexo-e-cursos-1-768x768.png 768w\" sizes=\"(max-width: 1024px) 100vw, 1024px\" \/>\t\t\t\t\t\t\t\t\t\t\t\t\t\t\t<\/div>\n\t\t\t\t<\/div>\n\t\t\t\t<div class=\"elementor-element elementor-element-9e7fd5e elementor-invisible elementor-widget elementor-widget-heading\" data-id=\"9e7fd5e\" data-element_type=\"widget\" data-settings=\"{&quot;_animation&quot;:&quot;fadeInUp&quot;}\" data-widget_type=\"heading.default\">\n\t\t\t\t<div class=\"elementor-widget-container\">\n\t\t\t\t\t<h4 class=\"elementor-heading-title elementor-size-default\"><b>Objetivo<\/b><\/h4>\t\t\t\t<\/div>\n\t\t\t\t<\/div>\n\t\t\t\t<div class=\"elementor-element elementor-element-be6d546 elementor-invisible elementor-widget elementor-widget-text-editor\" data-id=\"be6d546\" data-element_type=\"widget\" data-settings=\"{&quot;_animation&quot;:&quot;fadeInUp&quot;}\" data-widget_type=\"text-editor.default\">\n\t\t\t\t<div class=\"elementor-widget-container\">\n\t\t\t\t\t\t\t\t\t<p><span style=\"color: #ffffff;\">Qualifica\u00e7\u00e3o Geral de quem procura Forma\u00e7\u00e3o exclusiva nesta \u00e1rea de conhecimentos e tamb\u00e9m para profissionais da \u00e1rea de sa\u00fade como m\u00e9dicos, enfermeiros, fisioterapeutas e outros, que j\u00e1 tem conhecimentos s\u00f3lidos na \u00e1rea de fisiologia humana, anatomia e mecanismos de doen\u00e7as. Formamos pensadores em sa\u00fade que usam a ferramenta da Reflexoterapia para atuar em auxiliar a recupera\u00e7\u00e3o de sa\u00fade!<\/span><\/p>\t\t\t\t\t\t\t\t<\/div>\n\t\t\t\t<\/div>\n\t\t\t\t<div class=\"elementor-element elementor-element-9511b76 elementor-invisible elementor-widget elementor-widget-heading\" data-id=\"9511b76\" data-element_type=\"widget\" data-settings=\"{&quot;_animation&quot;:&quot;fadeInUp&quot;}\" data-widget_type=\"heading.default\">\n\t\t\t\t<div class=\"elementor-widget-container\">\n\t\t\t\t\t<h4 class=\"elementor-heading-title elementor-size-default\"><b>P\u00fablico<\/b><\/h4>\t\t\t\t<\/div>\n\t\t\t\t<\/div>\n\t\t\t\t<div class=\"elementor-element elementor-element-db9441e elementor-invisible elementor-widget elementor-widget-text-editor\" data-id=\"db9441e\" data-element_type=\"widget\" data-settings=\"{&quot;_animation&quot;:&quot;fadeInUp&quot;}\" data-widget_type=\"text-editor.default\">\n\t\t\t\t<div class=\"elementor-widget-container\">\n\t\t\t\t\t\t\t\t\t<p><span style=\"font-size: 16px; color: #ffffff;\">Jovens e adultos que procuram uma nova \u00e1rea para atuar, ou aqueles que desejam mudar de ramo profissional e tamb\u00e9m Profissionais da \u00c1rea de Sa\u00fade que desejam dar algo a mais, em tratamentos naturais, para seus pacientes.<\/span><\/p>\t\t\t\t\t\t\t\t<\/div>\n\t\t\t\t<\/div>\n\t\t\t\t<div class=\"elementor-element elementor-element-8e9e378 elementor-invisible elementor-widget elementor-widget-heading\" data-id=\"8e9e378\" data-element_type=\"widget\" data-settings=\"{&quot;_animation&quot;:&quot;fadeInUp&quot;}\" data-widget_type=\"heading.default\">\n\t\t\t\t<div class=\"elementor-widget-container\">\n\t\t\t\t\t<h4 class=\"elementor-heading-title elementor-size-default\"><b>Conte\u00fado<\/b><\/h4>\t\t\t\t<\/div>\n\t\t\t\t<\/div>\n\t\t\t\t<div class=\"elementor-element elementor-element-ebb9034 elementor-invisible elementor-widget elementor-widget-text-editor\" data-id=\"ebb9034\" data-element_type=\"widget\" data-settings=\"{&quot;_animation&quot;:&quot;fadeInUp&quot;}\" data-widget_type=\"text-editor.default\">\n\t\t\t\t<div class=\"elementor-widget-container\">\n\t\t\t\t\t\t\t\t\t<p><span style=\"color: #ffffff;\"><b>&nbsp;<\/b><\/span><\/p>\n<p><span style=\"color: #ffffff;\"><b>M\u00f3dulo 1<\/b><\/span><\/p>\n<ul>\n<li><span style=\"color: #ffffff;\">&nbsp;Introdu\u00e7\u00e3o e no\u00e7\u00f5es b\u00e1sicas<\/span><\/li>\n<li><span style=\"color: #ffffff;\">Zonoterapia<\/span><\/li>\n<li><span style=\"color: #ffffff;\">Aplica\u00e7\u00f5es da Zonoterapia em Pesquisas de Novas \u00e1reas \/ pontos<\/span><\/li>\n<\/ul>\n<div><b style=\"font-size: 14px; font-style: inherit;\">M\u00f3dulo 2<\/b><\/div>\n<ul>\n<li>&nbsp;Sistema Nervoso<\/li>\n<li><span style=\"color: #ffffff;\">Sistema Glandular<\/span><\/li>\n<li><span style=\"color: #ffffff;\">Aplica\u00e7\u00f5es e Metodologia de Pr\u00e1tica&nbsp; &#8211; Aplica\u00e7\u00f5es para doen\u00e7as dos sistemas<\/span><\/li><li><span style=\"color: #ffffff;\">Correla\u00e7\u00f5es Emocionais<\/span><\/li>\n<\/ul>\n<p><span style=\"color: #ffffff;\"><b>M\u00f3dulo 3<\/b><\/span><\/p>\n<ul>\n<li>&nbsp;Sistema Digest\u00f3rio<\/li>\n<li><span style=\"color: #ffffff;\">Sistema Cardiovascular<\/span><\/li>\n<li><span style=\"color: #ffffff;\">Aplica\u00e7\u00f5es e Metodologia de Pr\u00e1tica &#8211; Aplica\u00e7\u00f5es para doen\u00e7as dos sistemas<\/span><\/li><li style=\"font-size: 16px;\"><span style=\"font-size: 16px;\">Correla\u00e7\u00f5es Emocionais<\/span><\/li>\n<\/ul>\n<p><span style=\"color: #ffffff;\"><b>M\u00f3dulo 4<\/b><\/span><\/p>\n<ul>\n<li>&nbsp;Sistema Respirat\u00f3rio<\/li>\n<li><span style=\"color: #ffffff;\">Sistema Linf\u00e1tico (Imunol\u00f3gico)<\/span><\/li>\n<li><span style=\"color: #ffffff;\">Aplica\u00e7\u00f5es e Metodologia de Pr\u00e1tica &#8211; Aplica\u00e7\u00f5es para doen\u00e7as dos sistemas<\/span><\/li><li style=\"font-size: 16px;\"><span style=\"font-size: 16px;\">Correla\u00e7\u00f5es Emocionais<\/span><\/li>\n<\/ul>\n<p><span style=\"color: #ffffff;\"><span style=\"font-size: 16px;\">&nbsp;<\/span><span style=\"font-size: 14px; font-weight: bold;\">M\u00f3dulo 5<\/span><\/span><\/p>\n<ul>\n<li>&nbsp;Sistema Muscular<\/li>\n<li><span style=\"color: #ffffff;\">Sistema Esquel\u00e9tico<\/span><\/li>\n<li><span style=\"color: #ffffff;\">Aplica\u00e7\u00f5es e Metodologia de Pr\u00e1tica &#8211; Aplica\u00e7\u00f5es para doen\u00e7as dos sistemas<\/span><\/li><li style=\"font-size: 16px;\"><span style=\"font-size: 16px;\">Correla\u00e7\u00f5es Emocionais<\/span><\/li>\n<\/ul>\n<p style=\"font-style: normal; font-weight: 400;\"><span style=\"font-size: 14px; color: #ffffff;\"><span style=\"font-weight: bold;\">M\u00f3dulo 6<\/span><\/span><\/p>\n<ul>\n<li><span style=\"color: #ffffff;\">Sistema Urin\u00e1rio<\/span><\/li>\n<li><span style=\"color: #ffffff;\">Sistema Reprodutor<\/span><\/li>\n<li><span style=\"color: #ffffff;\">Aplica\u00e7\u00f5es e Metodologia de Pr\u00e1tica &#8211; Aplica\u00e7\u00f5es para doen\u00e7as dos sistemas<\/span><\/li><li style=\"font-size: 16px;\"><span style=\"font-size: 16px;\">Correla\u00e7\u00f5es Emocionais<\/span><\/li>\n<\/ul><div><br><\/div><div><b>CONTE\u00daDOS EXTRAS:<\/b> Acesso a sistema exclusivo de suporte, Grupo vital\u00edcio com Professores e Pesquisadores, apostilas atualizadas al\u00e9m de muitas atividades extras online e conte\u00fados exclusivos gravados para auxiliar no desenvolvimento do aluno.<\/div>\t\t\t\t\t\t\t\t<\/div>\n\t\t\t\t<\/div>\n\t\t\t\t<div class=\"elementor-element elementor-element-55ac76f elementor-invisible elementor-widget elementor-widget-heading\" data-id=\"55ac76f\" data-element_type=\"widget\" data-settings=\"{&quot;_animation&quot;:&quot;fadeInUp&quot;}\" data-widget_type=\"heading.default\">\n\t\t\t\t<div class=\"elementor-widget-container\">\n\t\t\t\t\t<h4 class=\"elementor-heading-title elementor-size-default\"><b>Dura\u00e7\u00e3o: <span style=\"color: yellow\">96h<\/span><\/b><\/h4>\t\t\t\t<\/div>\n\t\t\t\t<\/div>\n\t\t\t\t<div class=\"elementor-element elementor-element-20b559c elementor-invisible elementor-widget elementor-widget-heading\" data-id=\"20b559c\" data-element_type=\"widget\" data-settings=\"{&quot;_animation&quot;:&quot;fadeInUp&quot;}\" data-widget_type=\"heading.default\">\n\t\t\t\t<div class=\"elementor-widget-container\">\n\t\t\t\t\t<h4 class=\"elementor-heading-title elementor-size-default\"><b>Valor do Curso: <span style=\"color: yellow\">sob consulta<\/span><\/b><\/h4>\t\t\t\t<\/div>\n\t\t\t\t<\/div>\n\t\t\t\t<div class=\"elementor-element elementor-element-b320884 elementor-invisible elementor-widget elementor-widget-text-editor\" data-id=\"b320884\" data-element_type=\"widget\" data-settings=\"{&quot;_animation&quot;:&quot;fadeInUp&quot;}\" data-widget_type=\"text-editor.default\">\n\t\t\t\t<div class=\"elementor-widget-container\">\n\t\t\t\t\t\t\t\t\t<div><span style=\"color: #ffff00; font-size: 22px;\">*\u00a0<\/span><span style=\"font-size: 22px; color: #ffff00;\">Descontos Especiais para Associados ABRATH<\/span><\/div><p><span style=\"font-size: 22px; font-style: normal; font-weight: 400; color: #ffff00;\">\u00a0<\/span><\/p><div><span style=\"font-size: 22px; font-style: normal; font-weight: 400; color: #ffff00;\">**<\/span><span style=\"font-size: 22px; font-style: normal; font-weight: 400; color: #ffff00;\">\u00a0<\/span><span style=\"font-size: 22px; font-style: normal; font-weight: 400; color: #ffff00;\">Para mais promo\u00e7\u00f5es sobre este curso entre em contato atrav\u00e9s do telefone\u00a0<a style=\"font-size: 22px; color: #ffff00; text-decoration-line: underline !important;\" href=\"https:\/\/api.whatsapp.com\/send?phone=5548991928081\">(48) 99192-8081\u00a0<img decoding=\"async\" class=\"alignnone wp-image-2261\" src=\"https:\/\/biocodigos.com.br\/pt-BR\/wp-content\/uploads\/2020\/04\/whatsapp.png\" alt=\"\" width=\"20\" height=\"20\" \/><\/a><\/span><\/div>\t\t\t\t\t\t\t\t<\/div>\n\t\t\t\t<\/div>\n\t\t\t\t\t<\/div>\n\t\t<\/div>\n\t\t\t\t<div class=\"elementor-column elementor-col-50 elementor-top-column elementor-element elementor-element-0fa923d bio_formulario form_curso \" data-id=\"0fa923d\" data-element_type=\"column\" data-settings=\"{&quot;background_background&quot;:&quot;gradient&quot;}\">\n\t\t\t<div class=\"elementor-widget-wrap elementor-element-populated\">\n\t\t\t\t\t\t<div class=\"elementor-element elementor-element-500433d elementor-invisible elementor-widget elementor-widget-heading\" data-id=\"500433d\" data-element_type=\"widget\" data-settings=\"{&quot;_animation&quot;:&quot;fadeInUp&quot;}\" data-widget_type=\"heading.default\">\n\t\t\t\t<div class=\"elementor-widget-container\">\n\t\t\t\t\t<h2 class=\"elementor-heading-title elementor-size-default\"><b>Cadastre-se agora mesmo para garantir sua vaga!<\/b><\/h2>\t\t\t\t<\/div>\n\t\t\t\t<\/div>\n\t\t\t\t<div class=\"elementor-element elementor-element-bb22a3c elementor-invisible elementor-widget elementor-widget-shortcode\" data-id=\"bb22a3c\" data-element_type=\"widget\" data-settings=\"{&quot;_animation&quot;:&quot;fadeInUp&quot;}\" data-widget_type=\"shortcode.default\">\n\t\t\t\t<div class=\"elementor-widget-container\">\n\t\t\t\t\t\t\t<div class=\"elementor-shortcode\">\n<div class=\"wpcf7 no-js\" id=\"wpcf7-f2454-o1\" lang=\"pt-BR\" dir=\"ltr\" data-wpcf7-id=\"2454\">\n<div class=\"screen-reader-response\"><p role=\"status\" aria-live=\"polite\" aria-atomic=\"true\"><\/p> <ul><\/ul><\/div>\n<form action=\"\/pt-BR\/wp-json\/wp\/v2\/pages\/2450#wpcf7-f2454-o1\" method=\"post\" class=\"wpcf7-form init\" aria-label=\"Formul\u00e1rios de contato\" novalidate=\"novalidate\" data-status=\"init\">\n<div style=\"display: none;\">\n<input type=\"hidden\" name=\"_wpcf7\" value=\"2454\" \/>\n<input type=\"hidden\" name=\"_wpcf7_version\" value=\"6.0.6\" \/>\n<input type=\"hidden\" name=\"_wpcf7_locale\" value=\"pt_BR\" \/>\n<input type=\"hidden\" name=\"_wpcf7_unit_tag\" value=\"wpcf7-f2454-o1\" \/>\n<input type=\"hidden\" name=\"_wpcf7_container_post\" value=\"0\" \/>\n<input type=\"hidden\" name=\"_wpcf7_posted_data_hash\" value=\"\" \/>\n<input type=\"hidden\" name=\"_wpcf7_recaptcha_response\" value=\"\" \/>\n<\/div>\n<p><label> Curso de interesse*<br \/>\n<span class=\"wpcf7-form-control-wrap\" data-name=\"curso\"><select class=\"wpcf7-form-control wpcf7-select\" aria-invalid=\"false\" name=\"curso\"><option value=\"Especializa\u00e7\u00e3o em Reflexoterapia\">Especializa\u00e7\u00e3o em Reflexoterapia<\/option><\/select><\/span> <\/label>\n<\/p>\n<p><label> Seu nome*<br \/>\n<span class=\"wpcf7-form-control-wrap\" data-name=\"nome\"><input size=\"40\" maxlength=\"400\" class=\"wpcf7-form-control wpcf7-text wpcf7-validates-as-required\" aria-required=\"true\" aria-invalid=\"false\" value=\"\" type=\"text\" name=\"nome\" \/><\/span> <\/label>\n<\/p>\n<p><label> Seu e-mail*<br \/>\n<span class=\"wpcf7-form-control-wrap\" data-name=\"email\"><input size=\"40\" maxlength=\"400\" class=\"wpcf7-form-control wpcf7-email wpcf7-validates-as-required wpcf7-text wpcf7-validates-as-email\" aria-required=\"true\" aria-invalid=\"false\" value=\"\" type=\"email\" name=\"email\" \/><\/span> <\/label>\n<\/p>\n<p><label> Seu celular (ddd + n\u00famero)*<br \/>\n<span class=\"wpcf7-form-control-wrap\" data-name=\"celular\"><input size=\"40\" maxlength=\"400\" class=\"wpcf7-form-control wpcf7-text wpcf7-validates-as-required format_fone_com_ddd\" aria-required=\"true\" aria-invalid=\"false\" value=\"\" type=\"text\" name=\"celular\" \/><\/span> <\/label>\n<\/p>\n<p><label> Seu CPF<br \/>\n<span class=\"wpcf7-form-control-wrap\" data-name=\"CPF\"><input size=\"40\" maxlength=\"400\" class=\"wpcf7-form-control wpcf7-text format_cpf\" aria-invalid=\"false\" value=\"\" type=\"text\" name=\"CPF\" \/><\/span> <\/label>\n<\/p>\n<p><label> Seu RG<br \/>\n<span class=\"wpcf7-form-control-wrap\" data-name=\"RG\"><input size=\"40\" maxlength=\"400\" class=\"wpcf7-form-control wpcf7-text\" aria-invalid=\"false\" value=\"\" type=\"text\" name=\"RG\" \/><\/span> <\/label>\n<\/p>\n<p><label> Cidade*<br \/>\n<span class=\"wpcf7-form-control-wrap\" data-name=\"cidade\"><input size=\"40\" maxlength=\"400\" class=\"wpcf7-form-control wpcf7-text wpcf7-validates-as-required\" aria-required=\"true\" aria-invalid=\"false\" value=\"\" type=\"text\" name=\"cidade\" \/><\/span> <\/label>\n<\/p>\n<p><label> Estado*<br \/>\n<span class=\"wpcf7-form-control-wrap\" data-name=\"estado\"><select class=\"wpcf7-form-control wpcf7-select\" aria-invalid=\"false\" name=\"estado\"><option value=\"AC\">AC<\/option><option value=\"AL\">AL<\/option><option value=\"AP\">AP<\/option><option value=\"AM\">AM<\/option><option value=\"BA\">BA<\/option><option value=\"CE\">CE<\/option><option value=\"DF\">DF<\/option><option value=\"ES\">ES<\/option><option value=\"GO\">GO<\/option><option value=\"MA\">MA<\/option><option value=\"MT\">MT<\/option><option value=\"MS\">MS<\/option><option value=\"MG\">MG<\/option><option value=\"PA\">PA<\/option><option value=\"PB\">PB<\/option><option value=\"PR\">PR<\/option><option value=\"PE\">PE<\/option><option value=\"PI\">PI<\/option><option value=\"RJ\">RJ<\/option><option value=\"RN\">RN<\/option><option value=\"RS\">RS<\/option><option value=\"RO\">RO<\/option><option value=\"RR\">RR<\/option><option value=\"SC\">SC<\/option><option value=\"SP\">SP<\/option><option value=\"SE\">SE<\/option><option value=\"TO\">TO<\/option><option value=\"Outro pa\u00eds\">Outro pa\u00eds<\/option><\/select><\/span> <\/label>\n<\/p>\n<hr \/>\n<p><label><b>Outras informa\u00e7\u00f5es<\/b><\/label>\n<\/p>\n<p><label> Qual melhor hor\u00e1rio para participar do curso*<br \/>\n<span class=\"wpcf7-form-control-wrap\" data-name=\"horario\"><select class=\"wpcf7-form-control wpcf7-select\" aria-invalid=\"false\" name=\"horario\"><option value=\"Durante a semana de manh\u00e3\">Durante a semana de manh\u00e3<\/option><option value=\"Durante a semana \u00e0 tarde\">Durante a semana \u00e0 tarde<\/option><option value=\"Durante a semana \u00e0 noite\">Durante a semana \u00e0 noite<\/option><option value=\"Final de semana\">Final de semana<\/option><option value=\"Estou dispon\u00edvel qualquer hor\u00e1rio\">Estou dispon\u00edvel qualquer hor\u00e1rio<\/option><\/select><\/span> <\/label>\n<\/p>\n<p><label> Informe o nome de quem indicou este curso!<br \/>\n<span class=\"wpcf7-form-control-wrap\" data-name=\"indicacao\" value =\"\"><input size=\"40\" maxlength=\"400\" class=\"wpcf7-form-control wpcf7-text\" aria-invalid=\"false\" value=\"\" type=\"text\" name=\"indicacao\" value =\"\" \/><\/span> <\/label>\n<\/p>\n<p><label> Qual seu objetivo com o curso?<br \/>\n<span class=\"wpcf7-form-control-wrap\" data-name=\"objetivo\"><textarea cols=\"40\" rows=\"10\" maxlength=\"2000\" class=\"wpcf7-form-control wpcf7-textarea\" aria-invalid=\"false\" name=\"objetivo\"><\/textarea><\/span> <\/label>\n<\/p>\n<span class=\"wpcf7-form-control-wrap recaptcha\" data-name=\"recaptcha\"><span data-sitekey=\"6LfMAsUUAAAAACXmmR4s02428w06EGLqjGa4R1af\" class=\"wpcf7-form-control wpcf7-recaptcha g-recaptcha\"><\/span>\r\n<noscript>\r\n\t<div class=\"grecaptcha-noscript\">\r\n\t\t<iframe src=\"https:\/\/www.google.com\/recaptcha\/api\/fallback?k=6LfMAsUUAAAAACXmmR4s02428w06EGLqjGa4R1af\" frameborder=\"0\" scrolling=\"no\" width=\"310\" height=\"430\">\r\n\t\t<\/iframe>\r\n\t\t<textarea name=\"g-recaptcha-response\" rows=\"3\" cols=\"40\" placeholder=\"reCaptcha Response Here\">\r\n\t\t<\/textarea>\r\n\t<\/div>\r\n<\/noscript>\r\n<\/span>\n<p><span class=\"wpcf7-form-control-wrap\" data-name=\"aprovacao_uso_depoimento\"><span class=\"wpcf7-form-control wpcf7-checkbox\"><span class=\"wpcf7-list-item first last\"><label><input type=\"checkbox\" name=\"aprovacao_uso_depoimento[]\" value=\"Permito que a BIOC\u00d3DIGOS utilize meu depoimento para a divulga\u00e7\u00e3o do curso em canais como Youtube, Instagram, Whatsapp ou no Site.\" \/><span class=\"wpcf7-list-item-label\">Permito que a BIOC\u00d3DIGOS utilize meu depoimento para a divulga\u00e7\u00e3o do curso em canais como Youtube, Instagram, Whatsapp ou no Site.<\/span><\/label><\/span><\/span><\/span>\n<\/p>\n<p><span class=\"wpcf7-form-control-wrap\" data-name=\"termos-de-aceite\"><span class=\"wpcf7-form-control wpcf7-acceptance\"><span class=\"wpcf7-list-item\"><label><input type=\"checkbox\" name=\"termos-de-aceite\" value=\"1\" aria-invalid=\"false\" \/><span class=\"wpcf7-list-item-label\">Li e aceito a <a href=\"https:\/\/biocodigos.com.br\/pt-BR\/politica-de-privacidade\/\" target=\"_blank\">Pol\u00edtica de Privacidade<\/a> e permito que <b>BIOC\u00d3DIGOS<\/b> colete e armazene os dados que envio atrav\u00e9s deste formul\u00e1rio. *<\/span><\/label><\/span><\/span><\/span>\n<\/p>\n<p><input class=\"wpcf7-form-control wpcf7-submit has-spinner\" type=\"submit\" value=\"Enviar\" \/>\n<\/p><div class=\"wpcf7-response-output\" aria-hidden=\"true\"><\/div>\n<\/form>\n<\/div>\n<\/div>\n\t\t\t\t\t\t<\/div>\n\t\t\t\t<\/div>\n\t\t\t\t\t<\/div>\n\t\t<\/div>\n\t\t\t\t\t<\/div>\n\t\t<\/section>\n\t\t\t\t<\/div>\n\t\t","protected":false},"excerpt":{"rendered":"<p>Objetivo Qualifica\u00e7\u00e3o Geral de quem procura Forma\u00e7\u00e3o exclusiva nesta \u00e1rea de conhecimentos e tamb\u00e9m para profissionais da \u00e1rea de sa\u00fade como m\u00e9dicos, enfermeiros, fisioterapeutas e outros, que j\u00e1 tem conhecimentos s\u00f3lidos na \u00e1rea de fisiologia humana, anatomia e mecanismos de doen\u00e7as. Formamos pensadores em sa\u00fade que usam a ferramenta da Reflexoterapia para atuar em auxiliar &hellip;<\/p>\n<p class=\"read-more\"> <a class=\"\" href=\"https:\/\/biocodigos.com.br\/pt-BR\/cursos\/especializacao-em-reflexoterapia\/\"> <span class=\"screen-reader-text\">Especializa\u00e7\u00e3o em Reflexoterapia<\/span> Leia mais &raquo;<\/a><\/p>\n","protected":false},"author":3,"featured_media":0,"parent":337,"menu_order":0,"comment_status":"open","ping_status":"closed","template":"elementor_header_footer","meta":{"slim_seo":{"title":"Curso Especializa\u00e7\u00e3o em Reflexoterapia - BIOC\u00d3DIGOS","facebook_image":"https:\/\/biocodigos.com.br\/pt-BR\/wp-content\/uploads\/2020\/05\/icone-biocodigos.png","twitter_image":"https:\/\/biocodigos.com.br\/pt-BR\/wp-content\/uploads\/2020\/05\/icone-biocodigos.png","description":"Objetivo Qualifica\u00e7\u00e3o Geral de quem procura Forma\u00e7\u00e3o exclusiva nesta \u00e1rea de conhecimentos e tamb\u00e9m para profissionais da \u00e1rea de sa\u00fade como m\u00e9dicos, enfermeiro"},"footnotes":""},"class_list":["post-2450","page","type-page","status-publish","hentry"],"_links":{"self":[{"href":"https:\/\/biocodigos.com.br\/pt-BR\/wp-json\/wp\/v2\/pages\/2450","targetHints":{"allow":["GET"]}}],"collection":[{"href":"https:\/\/biocodigos.com.br\/pt-BR\/wp-json\/wp\/v2\/pages"}],"about":[{"href":"https:\/\/biocodigos.com.br\/pt-BR\/wp-json\/wp\/v2\/types\/page"}],"author":[{"embeddable":true,"href":"https:\/\/biocodigos.com.br\/pt-BR\/wp-json\/wp\/v2\/users\/3"}],"replies":[{"embeddable":true,"href":"https:\/\/biocodigos.com.br\/pt-BR\/wp-json\/wp\/v2\/comments?post=2450"}],"version-history":[{"count":6,"href":"https:\/\/biocodigos.com.br\/pt-BR\/wp-json\/wp\/v2\/pages\/2450\/revisions"}],"predecessor-version":[{"id":4088,"href":"https:\/\/biocodigos.com.br\/pt-BR\/wp-json\/wp\/v2\/pages\/2450\/revisions\/4088"}],"up":[{"embeddable":true,"href":"https:\/\/biocodigos.com.br\/pt-BR\/wp-json\/wp\/v2\/pages\/337"}],"wp:attachment":[{"href":"https:\/\/biocodigos.com.br\/pt-BR\/wp-json\/wp\/v2\/media?parent=2450"}],"curies":[{"name":"wp","href":"https:\/\/api.w.org\/{rel}","templated":true}]}}