{"id":273,"date":"2020-02-24T20:35:29","date_gmt":"2020-02-24T20:35:29","guid":{"rendered":"https:\/\/biocodigos.com.br\/pt-BR\/?page_id=273"},"modified":"2020-11-30T18:57:21","modified_gmt":"2020-11-30T18:57:21","slug":"politica-de-privacidade","status":"publish","type":"page","link":"https:\/\/biocodigos.com.br\/pt-BR\/politica-de-privacidade\/","title":{"rendered":"Pol\u00edtica de Privacidade"},"content":{"rendered":"\t\t<div data-elementor-type=\"wp-post\" data-elementor-id=\"273\" class=\"elementor elementor-273\">\n\t\t\t\t\t\t<section class=\"elementor-section elementor-top-section elementor-element elementor-element-fbfd438 elementor-section-stretched elementor-section-full_width elementor-section-height-min-height elementor-section-height-default elementor-section-items-middle\" data-id=\"fbfd438\" data-element_type=\"section\" data-settings=\"{&quot;background_background&quot;:&quot;classic&quot;,&quot;shape_divider_bottom&quot;:&quot;tilt&quot;,&quot;stretch_section&quot;:&quot;section-stretched&quot;}\">\n\t\t\t\t\t\t\t<div class=\"elementor-background-overlay\"><\/div>\n\t\t\t\t\t\t<div class=\"elementor-shape elementor-shape-bottom\" data-negative=\"false\">\n\t\t\t<svg xmlns=\"http:\/\/www.w3.org\/2000\/svg\" viewBox=\"0 0 1000 100\" preserveAspectRatio=\"none\">\n\t<path class=\"elementor-shape-fill\" d=\"M0,6V0h1000v100L0,6z\"\/>\n<\/svg>\t\t<\/div>\n\t\t\t\t\t<div class=\"elementor-container elementor-column-gap-default\">\n\t\t\t\t\t<div class=\"elementor-column elementor-col-100 elementor-top-column elementor-element elementor-element-edbd2f6\" data-id=\"edbd2f6\" data-element_type=\"column\">\n\t\t\t<div class=\"elementor-widget-wrap elementor-element-populated\">\n\t\t\t\t\t\t<div class=\"elementor-element elementor-element-7405e6c elementor-widget elementor-widget-heading\" data-id=\"7405e6c\" data-element_type=\"widget\" data-widget_type=\"heading.default\">\n\t\t\t\t<div class=\"elementor-widget-container\">\n\t\t\t\t\t<h2 class=\"elementor-heading-title elementor-size-default\">Pol\u00edtica de Privacidade<\/h2>\t\t\t\t<\/div>\n\t\t\t\t<\/div>\n\t\t\t\t\t<\/div>\n\t\t<\/div>\n\t\t\t\t\t<\/div>\n\t\t<\/section>\n\t\t\t\t<section class=\"elementor-section elementor-top-section elementor-element elementor-element-1c807e5 elementor-section-full_width elementor-section-height-default elementor-section-height-default elementor-invisible\" data-id=\"1c807e5\" data-element_type=\"section\" data-settings=\"{&quot;background_background&quot;:&quot;classic&quot;,&quot;animation_mobile&quot;:&quot;fadeInUp&quot;,&quot;animation&quot;:&quot;fadeInUp&quot;}\">\n\t\t\t\t\t\t<div class=\"elementor-container elementor-column-gap-wide\">\n\t\t\t\t\t<div class=\"elementor-column elementor-col-100 elementor-top-column elementor-element elementor-element-73210d42\" data-id=\"73210d42\" data-element_type=\"column\">\n\t\t\t<div class=\"elementor-widget-wrap elementor-element-populated\">\n\t\t\t\t\t\t<div class=\"elementor-element elementor-element-836a613 elementor-widget elementor-widget-text-editor\" data-id=\"836a613\" data-element_type=\"widget\" data-widget_type=\"text-editor.default\">\n\t\t\t\t<div class=\"elementor-widget-container\">\n\t\t\t\t\t\t\t\t\t<p>A BIOC\u00d3DIGOS visa assegurar o compromisso com a privacidade e a seguran\u00e7a das informa\u00e7\u00f5es cadastrais de seus usu\u00e1rios durante o processo de navega\u00e7\u00e3o pelo site. Os dados cadastrais dos usu\u00e1rios n\u00e3o ser\u00e3o fornecidos, publicados ou comercializados em quaisquer circunst\u00e2ncias, exceto quando essas informa\u00e7\u00f5es forem necess\u00e1rias por eventualidade de o usu\u00e1rio participar de alguma \u00e1rea para a auto-promo\u00e7\u00e3o, atrav\u00e9s de um contrato de presta\u00e7\u00e3o de servi\u00e7o e a BIOC\u00d3DIGOS&nbsp;ou forem solicitados por ordem judicial. Para auxiliar na privacidade desta informa\u00e7\u00e3o, a BIOC\u00d3DIGOS&nbsp;n\u00e3o aconselha a divulga\u00e7\u00e3o de sua senha a terceiros.<\/p>\n<p><\/p>\n<h4><span style=\"color: #00b6ab;\">1. Seguran\u00e7a e Prote\u00e7\u00e3o &#8211; Criptografia de Dados<\/span><\/h4>\n<p>Suas informa\u00e7\u00f5es ser\u00e3o armazenadas em um servidor seguro, e sempre que houver necessidade de identifica\u00e7\u00e3o ou fornecimento de informa\u00e7\u00f5es sigilosas, a transmiss\u00e3o de dados entre seu computador e o site da&nbsp;BIOC\u00d3DIGOS&nbsp;ser\u00e1 realizada atrav\u00e9s de conex\u00e3o segura.<\/p>\n<p><\/p>\n<h4><span style=\"color: #00b6ab;\">2. Privacidade<\/span><\/h4>\n<p>Todas as informa\u00e7\u00f5es coletadas no site ser\u00e3o armazenadas em nosso banco de dados sem interfer\u00eancia humana. Al\u00e9m disso, todas as an\u00e1lises realizadas com suas informa\u00e7\u00f5es individuais tamb\u00e9m ser\u00e3o feitas por processamento eletr\u00f4nico, e os resultados apresentados ser\u00e3o sempre resumos estat\u00edsticos, nos quais seu nome nunca aparecer\u00e1.<\/p>\n<p>O site se compromete a cumprir as normas previstas na LGPD, em respeito aos seguintes princ\u00edpios:<\/p>\n<ul>\n<li>Os dados pessoais do usu\u00e1rio ser\u00e3o processados de forma l\u00edcita, leal e transparente;<\/li>\n<li>Os dados pessoais do usu\u00e1rio ser\u00e3o coletados apenas para finalidades determinadas, expl\u00edcitas e leg\u00edtimas, n\u00e3o podendo ser tratados posteriormente de uma forma incompat\u00edvel com essas finalidades;<\/li>\n<li>Os dados pessoais do usu\u00e1rio ser\u00e3o coletados de forma adequada, pertinente e limitada \u00e0s necessidades do objetivo para os quais eles s\u00e3o processados;<\/li>\n<li>Os dados pessoais do usu\u00e1rio ser\u00e3o exatos e atualizados sempre que necess\u00e1rio, de maneira que os dados inexatos sejam apagados ou retificados quando poss\u00edvel;<\/li>\n<li>Os dados pessoais do usu\u00e1rio ser\u00e3o conservados de uma forma que permita a identifica\u00e7\u00e3o dos titulares dos dados apenas durante o per\u00edodo necess\u00e1rio para as finalidades para as quais s\u00e3o tratados;<\/li>\n<li>Os dados pessoais do usu\u00e1rio ser\u00e3o tratados de forma segura, protegidos do tratamento n\u00e3o autorizado ou il\u00edcito e contra a sua perda, destrui\u00e7\u00e3o ou danifica\u00e7\u00e3o acidental, adotando as medidas t\u00e9cnicas ou organizativas adequadas.<\/li><li>Os dados profissionais poder\u00e3o ser exibidos no Portal da BIOC\u00d3DIGOS, a fim de promover a parceria entre ambos, promovendo assim os servi\u00e7os aqui divulgados pelo usu\u00e1rio.<\/li>\n<\/ul>\n<p>A utiliza\u00e7\u00e3o, pelo usu\u00e1rio, de determinadas funcionalidades do site depender\u00e1 de cadastro, sendo que, nestes casos, os dados do usu\u00e1rio que poder\u00e3o ser coletados e armazenados s\u00e3o&nbsp;nome,&nbsp;e-mail,&nbsp;endere\u00e7o,&nbsp;telefone, CPF, RG, profiss\u00e3o,&nbsp;\u00e1rea de atua\u00e7\u00e3o, dentre outros.<\/p>\n<p>Para a execu\u00e7\u00e3o de contrato de presta\u00e7\u00e3o de servi\u00e7os, eventualmente firmado entre o Portal da BIOC\u00d3DIGOS e o usu\u00e1rio, poder\u00e3o ser coletados e armazenados outros dados relacionados ou necess\u00e1rios a sua execu\u00e7\u00e3o, incluindo o teor de eventuais comunica\u00e7\u00f5es tidas com o usu\u00e1rio e de conferir \u00e0s partes seguran\u00e7a jur\u00eddica, al\u00e9m de facilitar e viabilizar a conclus\u00e3o do neg\u00f3cio.<\/p>\n<p>Dada a natureza do Portal, eventualmente dados relativos ao estado de sa\u00fade do usu\u00e1rio poder\u00e1 ser solicitado, para fins de direcionamento do usu\u00e1rio para uma consulta profissional,&nbsp; ficando armazenado para acesso posterior de forma an\u00f4nima.<\/p>\n<p>Os dados pessoais do usu\u00e1rio coletados pelo site t\u00eam por finalidade facilitar, agilizar e cumprir os compromissos estabelecidos com o usu\u00e1rio e a fazer cumprir as solicita\u00e7\u00f5es realizadas por meio do preenchimento de formul\u00e1rios.<\/p>\n<p>Os dados de cadastro ser\u00e3o utilizados para permitir o acesso do usu\u00e1rio a determinados conte\u00fados do site, exclusivos para usu\u00e1rios cadastrados.<\/p>\n<p>Importante ao usu\u00e1rio, a ci\u00eancia que, ao utilizar os servi\u00e7os do site, o usu\u00e1rio est\u00e1 consentindo com a presente Pol\u00edtica de Privacidade.<\/p>\n<p>O usu\u00e1rio tem o direito de retirar seu consentimento a qualquer momento, n\u00e3o comprometendo a licitude do tratamento de seus dados pessoais antes da retirada. A retirada do consentimento poder\u00e1 ser feita pelo e-mail: <a href=\"mailto:contato@biocodigos.com.br\">contato@biocodigos.com.br<\/a>, ou pelo formul\u00e1rio de&nbsp;<a href=\"https:\/\/biocodigos.com.br\/pt-BR\/fale-conosco\/\" target=\"_blank\">Contato<\/a>, na op\u00e7\u00e3o de &#8220;Exclus\u00e3o de cadastro&#8221;.<\/p>\n<p>Os dados pessoais dos usu\u00e1rios apenas poder\u00e3o ser conservados ap\u00f3s o t\u00e9rmino de seu tratamento nas seguintes hip\u00f3teses:<\/p>\n<ul>\n<li>Para o cumprimento de obriga\u00e7\u00e3o legal ou regulat\u00f3ria pelo controlador;<\/li>\n<li>Para estudo por \u00f3rg\u00e3o de pesquisa, garantida, sempre que poss\u00edvel, a anonimiza\u00e7\u00e3o dos dados pessoais;<\/li>\n<li>Para a transfer\u00eancia a terceiro, desde que respeitados os requisitos de tratamento de dados dispostos na legisla\u00e7\u00e3o;<\/li>\n<li>Para uso exclusivo do controlador, vedado seu acesso por terceiro, e desde que anonimizados os dados.<\/li>\n<\/ul>\n<div>&nbsp;<\/div>\n<h4><span style=\"color: #00b6ab;\">3. Uso de Cookies<\/span><\/h4>\n<p>Suas informa\u00e7\u00f5es ser\u00e3o armazenadas em um servidor seguro, e sempre que houver necessidade de identifica\u00e7\u00e3o ou fornecimento de informa\u00e7\u00f5es sigilosas, a transmiss\u00e3o de dados entre seu computador e o site da&nbsp;BIOC\u00d3DIGOS&nbsp;ser\u00e1 realizada atrav\u00e9s de conex\u00e3o segura.<\/p>\n<p>Este site utiliza uma tecnologia de identifica\u00e7\u00e3o baseada em &#8220;cookies&#8221;, pequenos arquivos-texto enviados atrav\u00e9s da internet para o seu navegador, que ficam armazenados em seu computador e que permitem o reconhecimento dos computadores que acessam nosso site. Atrav\u00e9s deles podemos reconhecer suas prefer\u00eancias e disponibilizar conte\u00fados personalizados. Estes &#8220;cookies&#8221; s\u00e3o seguros, privados, an\u00f4nimos, n\u00e3o transmitem v\u00edrus e s\u00e3o utilizados somente para o benef\u00edcio de nossos clientes. Eles tamb\u00e9m s\u00e3o utilizados para medir certos padr\u00f5es de tr\u00e1fego no site, para que possamos compreender interesses e comportamentos de navega\u00e7\u00e3o.<\/p>\n<p>Da mesma forma, voc\u00ea pode escolher permitir ou n\u00e3o que seu navegador aceite o &#8220;cookie&#8221; da&nbsp;BIOC\u00d3DIGOS ou qualquer outro &#8220;cookie&#8221;, al\u00e9m de especificar configura\u00e7\u00f5es diferentes para zonas de seguran\u00e7a diferentes.<\/p>\n<p>Vale ressaltar que os &#8220;cookies&#8221;, depois de aceitos, agem como seu &#8220;cart\u00e3o de visita&#8221;, ou seja, s\u00e3o uma forma de facilitar a identifica\u00e7\u00e3o dos usu\u00e1rios assim que se conectam ao site. Desta forma, acessamos as informa\u00e7\u00f5es de sua conta armazenadas em nossos computadores, com o objetivo de fornecer-lhe um servi\u00e7o melhor e mais direcionado. Saiba mais em Pol\u00edtica de Cookies.<\/p>\n<p>As altera\u00e7\u00f5es sobre a pol\u00edtica de privacidade da&nbsp;BIOC\u00d3DIGOS&nbsp;ser\u00e3o devidamente informadas neste espa\u00e7o, sendo reservado \u00e0&nbsp;BIOC\u00d3DIGOS&nbsp;a alterar esta pol\u00edtica a qualquer momento.<\/p>\t\t\t\t\t\t\t\t<\/div>\n\t\t\t\t<\/div>\n\t\t\t\t\t<\/div>\n\t\t<\/div>\n\t\t\t\t\t<\/div>\n\t\t<\/section>\n\t\t\t\t<\/div>\n\t\t","protected":false},"excerpt":{"rendered":"<p>Pol\u00edtica de Privacidade A BIOC\u00d3DIGOS visa assegurar o compromisso com a privacidade e a seguran\u00e7a das informa\u00e7\u00f5es cadastrais de seus usu\u00e1rios durante o processo de navega\u00e7\u00e3o pelo site. Os dados cadastrais dos usu\u00e1rios n\u00e3o ser\u00e3o fornecidos, publicados ou comercializados em quaisquer circunst\u00e2ncias, exceto quando essas informa\u00e7\u00f5es forem necess\u00e1rias por eventualidade de o usu\u00e1rio participar de &hellip;<\/p>\n<p class=\"read-more\"> <a class=\"\" href=\"https:\/\/biocodigos.com.br\/pt-BR\/politica-de-privacidade\/\"> <span class=\"screen-reader-text\">Pol\u00edtica de Privacidade<\/span> Leia mais &raquo;<\/a><\/p>\n","protected":false},"author":3,"featured_media":0,"parent":0,"menu_order":0,"comment_status":"closed","ping_status":"closed","template":"elementor_header_footer","meta":{"slim_seo":{"facebook_image":"https:\/\/biocodigos.com.br\/pt-BR\/wp-content\/uploads\/2020\/05\/icone-biocodigos.png","twitter_image":"https:\/\/biocodigos.com.br\/pt-BR\/wp-content\/uploads\/2020\/05\/icone-biocodigos.png","title":"Pol\u00edtica de Privacidade - BIOC\u00d3DIGOS","description":"Pol\u00edtica de Privacidade A BIOC\u00d3DIGOS visa assegurar o compromisso com a privacidade e a seguran\u00e7a das informa\u00e7\u00f5es cadastrais de seus usu\u00e1rios durante o processo"},"footnotes":""},"class_list":["post-273","page","type-page","status-publish","hentry"],"_links":{"self":[{"href":"https:\/\/biocodigos.com.br\/pt-BR\/wp-json\/wp\/v2\/pages\/273","targetHints":{"allow":["GET"]}}],"collection":[{"href":"https:\/\/biocodigos.com.br\/pt-BR\/wp-json\/wp\/v2\/pages"}],"about":[{"href":"https:\/\/biocodigos.com.br\/pt-BR\/wp-json\/wp\/v2\/types\/page"}],"author":[{"embeddable":true,"href":"https:\/\/biocodigos.com.br\/pt-BR\/wp-json\/wp\/v2\/users\/3"}],"replies":[{"embeddable":true,"href":"https:\/\/biocodigos.com.br\/pt-BR\/wp-json\/wp\/v2\/comments?post=273"}],"version-history":[{"count":0,"href":"https:\/\/biocodigos.com.br\/pt-BR\/wp-json\/wp\/v2\/pages\/273\/revisions"}],"wp:attachment":[{"href":"https:\/\/biocodigos.com.br\/pt-BR\/wp-json\/wp\/v2\/media?parent=273"}],"curies":[{"name":"wp","href":"https:\/\/api.w.org\/{rel}","templated":true}]}}