{"id":2984,"date":"2020-06-29T22:32:31","date_gmt":"2020-06-29T22:32:31","guid":{"rendered":"https:\/\/biocodigos.com.br\/pt-BR\/cursos\/trofoterapia-copy\/"},"modified":"2023-01-31T17:15:46","modified_gmt":"2023-01-31T17:15:46","slug":"reflexoterapia-palmar","status":"publish","type":"page","link":"https:\/\/biocodigos.com.br\/pt-BR\/cursos\/reflexoterapia-palmar\/","title":{"rendered":"Reflexoterapia Palmar"},"content":{"rendered":"\t\t<div data-elementor-type=\"wp-page\" data-elementor-id=\"2984\" class=\"elementor elementor-2984\">\n\t\t\t\t\t\t<section class=\"elementor-section elementor-top-section elementor-element elementor-element-a8c88d6 elementor-section-content-middle elementor-section-stretched landing-page elementor-section-boxed elementor-section-height-default elementor-section-height-default\" data-id=\"a8c88d6\" data-element_type=\"section\" data-settings=\"{&quot;background_background&quot;:&quot;classic&quot;,&quot;shape_divider_top&quot;:&quot;tilt&quot;,&quot;shape_divider_bottom&quot;:&quot;tilt&quot;,&quot;stretch_section&quot;:&quot;section-stretched&quot;}\">\n\t\t\t\t\t\t\t<div class=\"elementor-background-overlay\"><\/div>\n\t\t\t\t\t\t<div class=\"elementor-shape elementor-shape-top\" data-negative=\"false\">\n\t\t\t<svg xmlns=\"http:\/\/www.w3.org\/2000\/svg\" viewBox=\"0 0 1000 100\" preserveAspectRatio=\"none\">\n\t<path class=\"elementor-shape-fill\" d=\"M0,6V0h1000v100L0,6z\"\/>\n<\/svg>\t\t<\/div>\n\t\t\t\t<div class=\"elementor-shape elementor-shape-bottom\" data-negative=\"false\">\n\t\t\t<svg xmlns=\"http:\/\/www.w3.org\/2000\/svg\" viewBox=\"0 0 1000 100\" preserveAspectRatio=\"none\">\n\t<path class=\"elementor-shape-fill\" d=\"M0,6V0h1000v100L0,6z\"\/>\n<\/svg>\t\t<\/div>\n\t\t\t\t\t<div class=\"elementor-container elementor-column-gap-no\">\n\t\t\t\t\t<div class=\"elementor-column elementor-col-50 elementor-top-column elementor-element elementor-element-7fd3c1b\" data-id=\"7fd3c1b\" data-element_type=\"column\">\n\t\t\t<div class=\"elementor-widget-wrap elementor-element-populated\">\n\t\t\t\t\t\t<div class=\"elementor-element elementor-element-dad81c9 elementor-widget elementor-widget-image\" data-id=\"dad81c9\" data-element_type=\"widget\" data-widget_type=\"image.default\">\n\t\t\t\t<div class=\"elementor-widget-container\">\n\t\t\t\t\t\t\t\t\t\t\t\t\t\t\t<img fetchpriority=\"high\" decoding=\"async\" width=\"1024\" height=\"512\" src=\"https:\/\/biocodigos.com.br\/pt-BR\/wp-content\/uploads\/2023\/01\/Reflexoterapia-palmar-1.png\" class=\"attachment-large size-large wp-image-4092\" alt=\"Reflexoterapia palmar (1)\" srcset=\"https:\/\/biocodigos.com.br\/pt-BR\/wp-content\/uploads\/2023\/01\/Reflexoterapia-palmar-1.png 1024w, https:\/\/biocodigos.com.br\/pt-BR\/wp-content\/uploads\/2023\/01\/Reflexoterapia-palmar-1-300x150.png 300w, https:\/\/biocodigos.com.br\/pt-BR\/wp-content\/uploads\/2023\/01\/Reflexoterapia-palmar-1-768x384.png 768w\" sizes=\"(max-width: 1024px) 100vw, 1024px\" \/>\t\t\t\t\t\t\t\t\t\t\t\t\t\t\t<\/div>\n\t\t\t\t<\/div>\n\t\t\t\t<div class=\"elementor-element elementor-element-8e9e378 elementor-invisible elementor-widget elementor-widget-heading\" data-id=\"8e9e378\" data-element_type=\"widget\" data-settings=\"{&quot;_animation&quot;:&quot;fadeInUp&quot;}\" data-widget_type=\"heading.default\">\n\t\t\t\t<div class=\"elementor-widget-container\">\n\t\t\t\t\t<h4 class=\"elementor-heading-title elementor-size-default\"><b>Objetivo<\/b><\/h4>\t\t\t\t<\/div>\n\t\t\t\t<\/div>\n\t\t\t\t<div class=\"elementor-element elementor-element-21c7bae elementor-invisible elementor-widget elementor-widget-text-editor\" data-id=\"21c7bae\" data-element_type=\"widget\" data-settings=\"{&quot;_animation&quot;:&quot;fadeInUp&quot;}\" data-widget_type=\"text-editor.default\">\n\t\t\t\t<div class=\"elementor-widget-container\">\n\t\t\t\t\t\t\t\t\t<p><span style=\"color: #ffffff;\">Neste curso de <b>REFLEXOTERAPIA PALMAR, ON-LINE e AO VIVO<\/b>, voc\u00ea aprender\u00e1 a utilizar estrat\u00e9gias de est\u00edmulos nas m\u00e3os (Reflexoterapia Palmar) para atuar sobre v\u00e1rios sintomas.<\/span><\/p><p><span style=\"color: #ffffff; font-size: 14px;\">Desde o primeiro m\u00f3dulo, voc\u00ea estar\u00e1 apto a prestar atendimentos presenciais e on-line, com a t\u00e9cnica, agindo sobre os sintomas abordados neste treinamento.<\/span><\/p>\t\t\t\t\t\t\t\t<\/div>\n\t\t\t\t<\/div>\n\t\t\t\t<div class=\"elementor-element elementor-element-e9c5de8 elementor-invisible elementor-widget elementor-widget-heading\" data-id=\"e9c5de8\" data-element_type=\"widget\" data-settings=\"{&quot;_animation&quot;:&quot;fadeInUp&quot;}\" data-widget_type=\"heading.default\">\n\t\t\t\t<div class=\"elementor-widget-container\">\n\t\t\t\t\t<h4 class=\"elementor-heading-title elementor-size-default\"><b>Incluso<\/b><\/h4>\t\t\t\t<\/div>\n\t\t\t\t<\/div>\n\t\t\t\t<div class=\"elementor-element elementor-element-c2154e1 elementor-invisible elementor-widget elementor-widget-text-editor\" data-id=\"c2154e1\" data-element_type=\"widget\" data-settings=\"{&quot;_animation&quot;:&quot;fadeInUp&quot;}\" data-widget_type=\"text-editor.default\">\n\t\t\t\t<div class=\"elementor-widget-container\">\n\t\t\t\t\t\t\t\t\t<p><span style=\"color: #ffffff; font-size: 14px; font-style: normal; font-weight: 400;\">MATERIAL DIGITAL, ACESSO A GRUPO DE\u00a0 TELEGRAM PARA D\u00daVIDAS E SUPORTE AO CONHECIMENTO ADQUIRIDO, ACESSO AO SISTEMA DE MAPAS DE PONTOS E \u00c1REAS DO CURSO (DURANTE A FORMA\u00c7\u00c3O E 3 MESES AP\u00d3S A CONCLUS\u00c3O) E ORIENTA\u00c7\u00c3O DIRETA DOS PROFESSORES DO CURSO.<\/span><\/p>\t\t\t\t\t\t\t\t<\/div>\n\t\t\t\t<\/div>\n\t\t\t\t<div class=\"elementor-element elementor-element-81fd6ef elementor-invisible elementor-widget elementor-widget-heading\" data-id=\"81fd6ef\" data-element_type=\"widget\" data-settings=\"{&quot;_animation&quot;:&quot;fadeInUp&quot;}\" data-widget_type=\"heading.default\">\n\t\t\t\t<div class=\"elementor-widget-container\">\n\t\t\t\t\t<h4 class=\"elementor-heading-title elementor-size-default\"><b>Sintomas que trabalharemos<\/b><\/h4>\t\t\t\t<\/div>\n\t\t\t\t<\/div>\n\t\t\t\t<div class=\"elementor-element elementor-element-bfb4efb elementor-invisible elementor-widget elementor-widget-text-editor\" data-id=\"bfb4efb\" data-element_type=\"widget\" data-settings=\"{&quot;_animation&quot;:&quot;fadeInUp&quot;}\" data-widget_type=\"text-editor.default\">\n\t\t\t\t<div class=\"elementor-widget-container\">\n\t\t\t\t\t\t\t\t\t<p style=\"\">\n<\/p><ul>\n<li><font color=\"#ffffff\">Ansiedade<\/font><\/li>\n<li><font color=\"#ffffff\">Azia<\/font><\/li>\n<li><font color=\"#ffffff\">Ard\u00eancia ao urinar<\/font><\/li>\n<li><font color=\"#ffffff\">C\u00f3lica Intestinal<\/font><\/li>\n<li><font color=\"#ffffff\">C\u00f3lica Menstrual<\/font><\/li>\n<li><font color=\"#ffffff\">C\u00f3lica Renal<\/font><\/li>\n<li><font color=\"#ffffff\">Congest\u00e3o Nasal<\/font><\/li>\n<li><font color=\"#ffffff\">Desmaios<\/font><\/li>\n<li><font color=\"#ffffff\">Dist\u00farbios Menstruais<\/font><\/li>\n<li><font color=\"#ffffff\">Dor de Cabe\u00e7a<\/font><\/li>\n<li><font color=\"#ffffff\">Dor nas Costas<\/font><\/li>\n<li><font color=\"#ffffff\">Dor de Dente<\/font><\/li>\n<li><font color=\"#ffffff\">Dor de Est\u00f4mago<\/font><\/li>\n<li><font color=\"#ffffff\">Dor Muscular<\/font><\/li>\n<li><font color=\"#ffffff\">Dor no Nervo Ci\u00e1tico<\/font><\/li>\n<li><font color=\"#ffffff\">Dor na Nuca<\/font><\/li>\n<li><font color=\"#ffffff\">Dor nos Ombros<\/font><\/li>\n<li><font color=\"#ffffff\">Dor nas Pernas<\/font><\/li>\n<li><font color=\"#ffffff\">Esgotamento<\/font><\/li>\n<li><font color=\"#ffffff\">Flatul\u00eancia (gases)<\/font><\/li>\n<li><font color=\"#ffffff\">Ins\u00f4nia<\/font><\/li>\n<li><font color=\"#ffffff\">Intestino Preso<\/font><\/li>\n<li><font color=\"#ffffff\">N\u00e1useas<\/font><\/li>\n<li><font color=\"#ffffff\">Reten\u00e7\u00e3o de L\u00edquidos<\/font><\/li>\n<li><font color=\"#ffffff\">Sonol\u00eancia<\/font><\/li>\n<li><font color=\"#ffffff\">Tens\u00e3o<\/font><\/li>\n<li><font color=\"#ffffff\">Tontura<\/font><\/li>\n<li><font color=\"#ffffff\">Torcicolo<\/font><\/li>\n<li><font color=\"#ffffff\">Sintomas Associados \u00e0 Depress\u00e3o<\/font><\/li>\n<li><font color=\"#ffffff\">Baixa Imunidade<\/font><\/li>\n<\/ul>\t\t\t\t\t\t\t\t<\/div>\n\t\t\t\t<\/div>\n\t\t\t\t<div class=\"elementor-element elementor-element-bbbabb8 elementor-invisible elementor-widget elementor-widget-heading\" data-id=\"bbbabb8\" data-element_type=\"widget\" data-settings=\"{&quot;_animation&quot;:&quot;fadeInUp&quot;}\" data-widget_type=\"heading.default\">\n\t\t\t\t<div class=\"elementor-widget-container\">\n\t\t\t\t\t<h4 class=\"elementor-heading-title elementor-size-default\"><b>P\u00fablico<\/b><\/h4>\t\t\t\t<\/div>\n\t\t\t\t<\/div>\n\t\t\t\t<div class=\"elementor-element elementor-element-ad53477 elementor-invisible elementor-widget elementor-widget-text-editor\" data-id=\"ad53477\" data-element_type=\"widget\" data-settings=\"{&quot;_animation&quot;:&quot;fadeInUp&quot;}\" data-widget_type=\"text-editor.default\">\n\t\t\t\t<div class=\"elementor-widget-container\">\n\t\t\t\t\t\t\t\t\t<p style=\"font-style: normal; font-weight: 400;\"><span style=\"font-size: 14px; color: #ffffff;\">Indicado para todos os p\u00fablicos, especialmente terapeutas e profissionais da sa\u00fade.<\/span><\/p><p style=\"font-style: normal; font-weight: 400;\"><span style=\"font-size: 14px; color: #ffffff;\">Conhe\u00e7a e insira novos h\u00e1bitos na sua rotina, incluindo o alimento como rem\u00e9dio na preven\u00e7\u00e3o e tratamento de diversas doen\u00e7as e na promo\u00e7\u00e3o da qualidade de vida.<\/span><\/p>\t\t\t\t\t\t\t\t<\/div>\n\t\t\t\t<\/div>\n\t\t\t\t<div class=\"elementor-element elementor-element-55ac76f elementor-invisible elementor-widget elementor-widget-heading\" data-id=\"55ac76f\" data-element_type=\"widget\" data-settings=\"{&quot;_animation&quot;:&quot;fadeInUp&quot;}\" data-widget_type=\"heading.default\">\n\t\t\t\t<div class=\"elementor-widget-container\">\n\t\t\t\t\t<h4 class=\"elementor-heading-title elementor-size-default\"><b>Dura\u00e7\u00e3o: <span style=\"color: yellow\">96h (6 MESES)<\/span><\/b><\/h4>\t\t\t\t<\/div>\n\t\t\t\t<\/div>\n\t\t\t\t<div class=\"elementor-element elementor-element-20b559c elementor-invisible elementor-widget elementor-widget-heading\" data-id=\"20b559c\" data-element_type=\"widget\" data-settings=\"{&quot;_animation&quot;:&quot;fadeInUp&quot;}\" data-widget_type=\"heading.default\">\n\t\t\t\t<div class=\"elementor-widget-container\">\n\t\t\t\t\t<h4 class=\"elementor-heading-title elementor-size-default\"><b>Pre\u00e7o do Curso:<\/b> <br><span style=\"font-size: 40px;color: yellow\"><b>6x R$ 387<\/b><span style=\"font-size: 22px;line-height: 0;position: relative;top: -0.5em\"><b>00 <\/b><i>ou em at\u00e9 12x no cart\u00e3o<\/i><\/span><\/span><\/h4>\t\t\t\t<\/div>\n\t\t\t\t<\/div>\n\t\t\t\t<div class=\"elementor-element elementor-element-b0d4cec elementor-invisible elementor-widget elementor-widget-heading\" data-id=\"b0d4cec\" data-element_type=\"widget\" data-settings=\"{&quot;_animation&quot;:&quot;fadeInUp&quot;}\" data-widget_type=\"heading.default\">\n\t\t\t\t<div class=\"elementor-widget-container\">\n\t\t\t\t\t<h4 class=\"elementor-heading-title elementor-size-default\"><i><b>Aten\u00e7\u00e3o: este curso \u00e9 online e ao vivo!<\/b><\/i><\/h4>\t\t\t\t<\/div>\n\t\t\t\t<\/div>\n\t\t\t\t<div class=\"elementor-element elementor-element-b320884 elementor-invisible elementor-widget elementor-widget-text-editor\" data-id=\"b320884\" data-element_type=\"widget\" data-settings=\"{&quot;_animation&quot;:&quot;fadeInUp&quot;}\" data-widget_type=\"text-editor.default\">\n\t\t\t\t<div class=\"elementor-widget-container\">\n\t\t\t\t\t\t\t\t\t<div><span style=\"color: #ffff00; font-size: 22px;\"><b>Venha aprender a ser instrumento de sa\u00fade para o seu paciente e para voc\u00ea tamb\u00e9m!\u00a0<\/b><\/span><span style=\"color: #ffff00; font-size: 22px;\"><br \/><\/span><span style=\"color: #ffff00; font-size: 22px;\"><b><br \/><\/b><\/span><\/div><div><span style=\"font-size: 22px; font-style: normal; font-weight: 400; color: #ffff00;\">**<\/span><span style=\"font-size: 22px; font-style: normal; font-weight: 400; color: #ffff00;\">\u00a0<\/span><span style=\"font-size: 22px; font-style: normal; font-weight: 400; color: #ffff00;\">Para mais promo\u00e7\u00f5es sobre este curso entre em contato atrav\u00e9s do telefone\u00a0<a style=\"font-size: 22px; color: #ffff00; text-decoration-line: underline !important;\" href=\"https:\/\/api.whatsapp.com\/send?phone=5548991928081\">(48) 99192-8081\u00a0<img decoding=\"async\" class=\"alignnone wp-image-2261\" src=\"https:\/\/biocodigos.com.br\/pt-BR\/wp-content\/uploads\/2020\/04\/whatsapp.png\" alt=\"\" width=\"20\" height=\"20\" \/><\/a><\/span><\/div>\t\t\t\t\t\t\t\t<\/div>\n\t\t\t\t<\/div>\n\t\t\t\t\t<\/div>\n\t\t<\/div>\n\t\t\t\t<div class=\"elementor-column elementor-col-50 elementor-top-column elementor-element elementor-element-0fa923d bio_formulario form_curso \" data-id=\"0fa923d\" data-element_type=\"column\" data-settings=\"{&quot;background_background&quot;:&quot;gradient&quot;}\">\n\t\t\t<div class=\"elementor-widget-wrap elementor-element-populated\">\n\t\t\t\t\t\t<div class=\"elementor-element elementor-element-500433d elementor-invisible elementor-widget elementor-widget-heading\" data-id=\"500433d\" data-element_type=\"widget\" data-settings=\"{&quot;_animation&quot;:&quot;fadeInUp&quot;}\" data-widget_type=\"heading.default\">\n\t\t\t\t<div class=\"elementor-widget-container\">\n\t\t\t\t\t<h2 class=\"elementor-heading-title elementor-size-default\"><b>Cadastre-se agora mesmo para garantir sua vaga!<\/b><\/h2>\t\t\t\t<\/div>\n\t\t\t\t<\/div>\n\t\t\t\t<div class=\"elementor-element elementor-element-bb22a3c elementor-invisible elementor-widget elementor-widget-shortcode\" data-id=\"bb22a3c\" data-element_type=\"widget\" data-settings=\"{&quot;_animation&quot;:&quot;fadeInUp&quot;}\" data-widget_type=\"shortcode.default\">\n\t\t\t\t<div class=\"elementor-widget-container\">\n\t\t\t\t\t\t\t<div class=\"elementor-shortcode\">\n<div class=\"wpcf7 no-js\" id=\"wpcf7-f2986-o1\" lang=\"pt-BR\" dir=\"ltr\" data-wpcf7-id=\"2986\">\n<div class=\"screen-reader-response\"><p role=\"status\" aria-live=\"polite\" aria-atomic=\"true\"><\/p> <ul><\/ul><\/div>\n<form action=\"\/pt-BR\/wp-json\/wp\/v2\/pages\/2984#wpcf7-f2986-o1\" method=\"post\" class=\"wpcf7-form init\" aria-label=\"Formul\u00e1rios de contato\" novalidate=\"novalidate\" data-status=\"init\">\n<div style=\"display: none;\">\n<input type=\"hidden\" name=\"_wpcf7\" value=\"2986\" \/>\n<input type=\"hidden\" name=\"_wpcf7_version\" value=\"6.0.6\" \/>\n<input type=\"hidden\" name=\"_wpcf7_locale\" value=\"pt_BR\" \/>\n<input type=\"hidden\" name=\"_wpcf7_unit_tag\" value=\"wpcf7-f2986-o1\" \/>\n<input type=\"hidden\" name=\"_wpcf7_container_post\" value=\"0\" \/>\n<input type=\"hidden\" name=\"_wpcf7_posted_data_hash\" value=\"\" \/>\n<input type=\"hidden\" name=\"_wpcf7_recaptcha_response\" value=\"\" \/>\n<\/div>\n<p><label> Curso de interesse*<br \/>\n<span class=\"wpcf7-form-control-wrap\" data-name=\"curso\"><select class=\"wpcf7-form-control wpcf7-select\" aria-invalid=\"false\" name=\"curso\"><option value=\"Reflexoterapia Palmar\">Reflexoterapia Palmar<\/option><\/select><\/span> <\/label>\n<\/p>\n<p><label> Data do Curso*<br \/>\n<span class=\"wpcf7-form-control-wrap\" data-name=\"data_curso\"><select class=\"wpcf7-form-control wpcf7-select\" aria-invalid=\"false\" name=\"data_curso\"><option value=\"Sob Consulta\">Sob Consulta<\/option><\/select><\/span> <\/label>\n<\/p>\n<p><label> Seu nome*<br \/>\n<span class=\"wpcf7-form-control-wrap\" data-name=\"nome\"><input size=\"40\" maxlength=\"400\" class=\"wpcf7-form-control wpcf7-text wpcf7-validates-as-required\" aria-required=\"true\" aria-invalid=\"false\" value=\"\" type=\"text\" name=\"nome\" \/><\/span> <\/label>\n<\/p>\n<p><label> Seu e-mail*<br \/>\n<span class=\"wpcf7-form-control-wrap\" data-name=\"email\"><input size=\"40\" maxlength=\"400\" class=\"wpcf7-form-control wpcf7-email wpcf7-validates-as-required wpcf7-text wpcf7-validates-as-email\" aria-required=\"true\" aria-invalid=\"false\" value=\"\" type=\"email\" name=\"email\" \/><\/span> <\/label>\n<\/p>\n<p><label> Seu celular (ddd + n\u00famero)*<br \/>\n<span class=\"wpcf7-form-control-wrap\" data-name=\"celular\"><input size=\"40\" maxlength=\"400\" class=\"wpcf7-form-control wpcf7-text wpcf7-validates-as-required format_fone_com_ddd\" aria-required=\"true\" aria-invalid=\"false\" value=\"\" type=\"text\" name=\"celular\" \/><\/span> <\/label>\n<\/p>\n<p><label> Seu CPF<br \/>\n<span class=\"wpcf7-form-control-wrap\" data-name=\"CPF\"><input size=\"40\" maxlength=\"400\" class=\"wpcf7-form-control wpcf7-text format_cpf\" aria-invalid=\"false\" value=\"\" type=\"text\" name=\"CPF\" \/><\/span> <\/label>\n<\/p>\n<p><label> Seu RG<br \/>\n<span class=\"wpcf7-form-control-wrap\" data-name=\"RG\"><input size=\"40\" maxlength=\"400\" class=\"wpcf7-form-control wpcf7-text\" aria-invalid=\"false\" value=\"\" type=\"text\" name=\"RG\" \/><\/span> <\/label>\n<\/p>\n<p><label> Cidade*<br \/>\n<span class=\"wpcf7-form-control-wrap\" data-name=\"cidade\"><input size=\"40\" maxlength=\"400\" class=\"wpcf7-form-control wpcf7-text wpcf7-validates-as-required\" aria-required=\"true\" aria-invalid=\"false\" value=\"\" type=\"text\" name=\"cidade\" \/><\/span> <\/label>\n<\/p>\n<p><label> Estado*<br \/>\n<span class=\"wpcf7-form-control-wrap\" data-name=\"estado\"><select class=\"wpcf7-form-control wpcf7-select\" aria-invalid=\"false\" name=\"estado\"><option value=\"AC\">AC<\/option><option value=\"AL\">AL<\/option><option value=\"AP\">AP<\/option><option value=\"AM\">AM<\/option><option value=\"BA\">BA<\/option><option value=\"CE\">CE<\/option><option value=\"DF\">DF<\/option><option value=\"ES\">ES<\/option><option value=\"GO\">GO<\/option><option value=\"MA\">MA<\/option><option value=\"MT\">MT<\/option><option value=\"MS\">MS<\/option><option value=\"MG\">MG<\/option><option value=\"PA\">PA<\/option><option value=\"PB\">PB<\/option><option value=\"PR\">PR<\/option><option value=\"PE\">PE<\/option><option value=\"PI\">PI<\/option><option value=\"RJ\">RJ<\/option><option value=\"RN\">RN<\/option><option value=\"RS\">RS<\/option><option value=\"RO\">RO<\/option><option value=\"RR\">RR<\/option><option value=\"SC\">SC<\/option><option value=\"SP\">SP<\/option><option value=\"SE\">SE<\/option><option value=\"TO\">TO<\/option><option value=\"Outro pa\u00eds\">Outro pa\u00eds<\/option><\/select><\/span> <\/label>\n<\/p>\n<hr \/>\n<p><label><b>Outras informa\u00e7\u00f5es<\/b><\/label>\n<\/p>\n<p><label> Informe o nome de quem indicou este curso!<br \/>\n<span class=\"wpcf7-form-control-wrap\" data-name=\"indicacao\" value =\"\"><input size=\"40\" maxlength=\"400\" class=\"wpcf7-form-control wpcf7-text\" aria-invalid=\"false\" value=\"\" type=\"text\" name=\"indicacao\" value =\"\" \/><\/span> <\/label>\n<\/p>\n<p><label> Qual seu objetivo com o curso?<br \/>\n<span class=\"wpcf7-form-control-wrap\" data-name=\"objetivo\"><textarea cols=\"40\" rows=\"10\" maxlength=\"2000\" class=\"wpcf7-form-control wpcf7-textarea\" aria-invalid=\"false\" name=\"objetivo\"><\/textarea><\/span> <\/label>\n<\/p>\n<span class=\"wpcf7-form-control-wrap recaptcha\" data-name=\"recaptcha\"><span data-sitekey=\"6LfMAsUUAAAAACXmmR4s02428w06EGLqjGa4R1af\" class=\"wpcf7-form-control wpcf7-recaptcha g-recaptcha\"><\/span>\r\n<noscript>\r\n\t<div class=\"grecaptcha-noscript\">\r\n\t\t<iframe src=\"https:\/\/www.google.com\/recaptcha\/api\/fallback?k=6LfMAsUUAAAAACXmmR4s02428w06EGLqjGa4R1af\" frameborder=\"0\" scrolling=\"no\" width=\"310\" height=\"430\">\r\n\t\t<\/iframe>\r\n\t\t<textarea name=\"g-recaptcha-response\" rows=\"3\" cols=\"40\" placeholder=\"reCaptcha Response Here\">\r\n\t\t<\/textarea>\r\n\t<\/div>\r\n<\/noscript>\r\n<\/span>\n<p><span class=\"wpcf7-form-control-wrap\" data-name=\"aprovacao_uso_depoimento\"><span class=\"wpcf7-form-control wpcf7-checkbox\"><span class=\"wpcf7-list-item first last\"><label><input type=\"checkbox\" name=\"aprovacao_uso_depoimento[]\" value=\"Permito que a BIOC\u00d3DIGOS utilize meu depoimento para a divulga\u00e7\u00e3o do curso em canais como Youtube, Instagram, Whatsapp ou no Site.\" \/><span class=\"wpcf7-list-item-label\">Permito que a BIOC\u00d3DIGOS utilize meu depoimento para a divulga\u00e7\u00e3o do curso em canais como Youtube, Instagram, Whatsapp ou no Site.<\/span><\/label><\/span><\/span><\/span>\n<\/p>\n<p><span class=\"wpcf7-form-control-wrap\" data-name=\"termos-de-aceite\"><span class=\"wpcf7-form-control wpcf7-acceptance\"><span class=\"wpcf7-list-item\"><label><input type=\"checkbox\" name=\"termos-de-aceite\" value=\"1\" aria-invalid=\"false\" \/><span class=\"wpcf7-list-item-label\">Li e aceito a <a href=\"https:\/\/biocodigos.com.br\/pt-BR\/politica-de-privacidade\/\" target=\"_blank\">Pol\u00edtica de Privacidade<\/a> e permito que <b>BIOC\u00d3DIGOS<\/b> colete e armazene os dados que envio atrav\u00e9s deste formul\u00e1rio. *<\/span><\/label><\/span><\/span><\/span>\n<\/p>\n<p><input class=\"wpcf7-form-control wpcf7-submit has-spinner\" type=\"submit\" value=\"Enviar\" \/>\n<\/p><div class=\"wpcf7-response-output\" aria-hidden=\"true\"><\/div>\n<\/form>\n<\/div>\n<\/div>\n\t\t\t\t\t\t<\/div>\n\t\t\t\t<\/div>\n\t\t\t\t\t<\/div>\n\t\t<\/div>\n\t\t\t\t\t<\/div>\n\t\t<\/section>\n\t\t\t\t<\/div>\n\t\t","protected":false},"excerpt":{"rendered":"<p>Objetivo Neste curso de REFLEXOTERAPIA PALMAR, ON-LINE e AO VIVO, voc\u00ea aprender\u00e1 a utilizar estrat\u00e9gias de est\u00edmulos nas m\u00e3os (Reflexoterapia Palmar) para atuar sobre v\u00e1rios sintomas. Desde o primeiro m\u00f3dulo, voc\u00ea estar\u00e1 apto a prestar atendimentos presenciais e on-line, com a t\u00e9cnica, agindo sobre os sintomas abordados neste treinamento. Incluso MATERIAL DIGITAL, ACESSO A GRUPO &hellip;<\/p>\n<p class=\"read-more\"> <a class=\"\" href=\"https:\/\/biocodigos.com.br\/pt-BR\/cursos\/reflexoterapia-palmar\/\"> <span class=\"screen-reader-text\">Reflexoterapia Palmar<\/span> Leia mais &raquo;<\/a><\/p>\n","protected":false},"author":3,"featured_media":0,"parent":337,"menu_order":0,"comment_status":"open","ping_status":"closed","template":"elementor_header_footer","meta":{"slim_seo":{"title":"Curso de Reflexoterapia Palmar - BIOC\u00d3DIGOS","facebook_image":"https:\/\/biocodigos.com.br\/pt-BR\/wp-content\/uploads\/2020\/05\/icone-biocodigos.png","twitter_image":"https:\/\/biocodigos.com.br\/pt-BR\/wp-content\/uploads\/2020\/05\/icone-biocodigos.png","description":"Objetivo Neste curso de REFLEXOTERAPIA PALMAR, ON-LINE e AO VIVO , voc\u00ea aprender\u00e1 a utilizar estrat\u00e9gias de est\u00edmulos nas m\u00e3os (Reflexoterapia Palmar) para atua"},"footnotes":""},"class_list":["post-2984","page","type-page","status-publish","hentry"],"_links":{"self":[{"href":"https:\/\/biocodigos.com.br\/pt-BR\/wp-json\/wp\/v2\/pages\/2984","targetHints":{"allow":["GET"]}}],"collection":[{"href":"https:\/\/biocodigos.com.br\/pt-BR\/wp-json\/wp\/v2\/pages"}],"about":[{"href":"https:\/\/biocodigos.com.br\/pt-BR\/wp-json\/wp\/v2\/types\/page"}],"author":[{"embeddable":true,"href":"https:\/\/biocodigos.com.br\/pt-BR\/wp-json\/wp\/v2\/users\/3"}],"replies":[{"embeddable":true,"href":"https:\/\/biocodigos.com.br\/pt-BR\/wp-json\/wp\/v2\/comments?post=2984"}],"version-history":[{"count":13,"href":"https:\/\/biocodigos.com.br\/pt-BR\/wp-json\/wp\/v2\/pages\/2984\/revisions"}],"predecessor-version":[{"id":4099,"href":"https:\/\/biocodigos.com.br\/pt-BR\/wp-json\/wp\/v2\/pages\/2984\/revisions\/4099"}],"up":[{"embeddable":true,"href":"https:\/\/biocodigos.com.br\/pt-BR\/wp-json\/wp\/v2\/pages\/337"}],"wp:attachment":[{"href":"https:\/\/biocodigos.com.br\/pt-BR\/wp-json\/wp\/v2\/media?parent=2984"}],"curies":[{"name":"wp","href":"https:\/\/api.w.org\/{rel}","templated":true}]}}