{"id":3645,"date":"2020-10-31T14:00:19","date_gmt":"2020-10-31T14:00:19","guid":{"rendered":"https:\/\/biocodigos.com.br\/pt-BR\/cursos\/programacao-neuro-linguistica-copy\/"},"modified":"2020-11-25T17:05:15","modified_gmt":"2020-11-25T17:05:15","slug":"aromaterapia","status":"publish","type":"page","link":"https:\/\/biocodigos.com.br\/pt-BR\/cursos\/aromaterapia\/","title":{"rendered":"Aromaterapia"},"content":{"rendered":"\t\t<div data-elementor-type=\"wp-page\" data-elementor-id=\"3645\" class=\"elementor elementor-3645\">\n\t\t\t\t\t\t<section class=\"elementor-section elementor-top-section elementor-element elementor-element-a8c88d6 elementor-section-content-middle elementor-section-stretched landing-page elementor-section-boxed elementor-section-height-default elementor-section-height-default\" data-id=\"a8c88d6\" data-element_type=\"section\" data-settings=\"{&quot;background_background&quot;:&quot;classic&quot;,&quot;shape_divider_top&quot;:&quot;tilt&quot;,&quot;shape_divider_bottom&quot;:&quot;tilt&quot;,&quot;stretch_section&quot;:&quot;section-stretched&quot;}\">\n\t\t\t\t\t\t\t<div class=\"elementor-background-overlay\"><\/div>\n\t\t\t\t\t\t<div class=\"elementor-shape elementor-shape-top\" data-negative=\"false\">\n\t\t\t<svg xmlns=\"http:\/\/www.w3.org\/2000\/svg\" viewBox=\"0 0 1000 100\" preserveAspectRatio=\"none\">\n\t<path class=\"elementor-shape-fill\" d=\"M0,6V0h1000v100L0,6z\"\/>\n<\/svg>\t\t<\/div>\n\t\t\t\t<div class=\"elementor-shape elementor-shape-bottom\" data-negative=\"false\">\n\t\t\t<svg xmlns=\"http:\/\/www.w3.org\/2000\/svg\" viewBox=\"0 0 1000 100\" preserveAspectRatio=\"none\">\n\t<path class=\"elementor-shape-fill\" d=\"M0,6V0h1000v100L0,6z\"\/>\n<\/svg>\t\t<\/div>\n\t\t\t\t\t<div class=\"elementor-container elementor-column-gap-no\">\n\t\t\t\t\t<div class=\"elementor-column elementor-col-50 elementor-top-column elementor-element elementor-element-7fd3c1b\" data-id=\"7fd3c1b\" data-element_type=\"column\">\n\t\t\t<div class=\"elementor-widget-wrap elementor-element-populated\">\n\t\t\t\t\t\t<div class=\"elementor-element elementor-element-1500c58 elementor-widget elementor-widget-image\" data-id=\"1500c58\" data-element_type=\"widget\" data-settings=\"{&quot;_animation&quot;:&quot;none&quot;}\" data-widget_type=\"image.default\">\n\t\t\t\t<div class=\"elementor-widget-container\">\n\t\t\t\t\t\t\t\t\t\t\t\t\t\t\t<img fetchpriority=\"high\" decoding=\"async\" width=\"600\" height=\"301\" src=\"https:\/\/biocodigos.com.br\/pt-BR\/wp-content\/uploads\/2020\/11\/Aromaterapia.jpg\" class=\"attachment-large size-large wp-image-3664\" alt=\"Aromaterapia\" srcset=\"https:\/\/biocodigos.com.br\/pt-BR\/wp-content\/uploads\/2020\/11\/Aromaterapia.jpg 600w, https:\/\/biocodigos.com.br\/pt-BR\/wp-content\/uploads\/2020\/11\/Aromaterapia-300x151.jpg 300w\" sizes=\"(max-width: 600px) 100vw, 600px\" \/>\t\t\t\t\t\t\t\t\t\t\t\t\t\t\t<\/div>\n\t\t\t\t<\/div>\n\t\t\t\t<div class=\"elementor-element elementor-element-90c46bf elementor-widget elementor-widget-heading\" data-id=\"90c46bf\" data-element_type=\"widget\" data-settings=\"{&quot;_animation&quot;:&quot;none&quot;}\" data-widget_type=\"heading.default\">\n\t\t\t\t<div class=\"elementor-widget-container\">\n\t\t\t\t\t<h4 class=\"elementor-heading-title elementor-size-default\"><b>Palestrante<\/b><\/h4>\t\t\t\t<\/div>\n\t\t\t\t<\/div>\n\t\t\t\t<div class=\"elementor-element elementor-element-be6d546 elementor-widget elementor-widget-text-editor\" data-id=\"be6d546\" data-element_type=\"widget\" data-settings=\"{&quot;_animation&quot;:&quot;none&quot;}\" data-widget_type=\"text-editor.default\">\n\t\t\t\t<div class=\"elementor-widget-container\">\n\t\t\t\t\t\t\t\t\t<p><span style=\"color: #000000; font-size: 16px;\">Especializa\u00e7\u00f5es do palestrante:<\/span><\/p><ul><li><span style=\"color: #000000;\"><span style=\"font-size: 16px;\">Reflexoterapeuta podal f\u00edsico e emocional<\/span><\/span><\/li><li><span style=\"color: #000000;\"><span style=\"font-size: 16px;\">Terapeuta auricular<\/span><\/span><\/li><li><span style=\"color: #000000;\"><span style=\"font-size: 16px;\">Aromaterapeuta<\/span><\/span><\/li><li><span style=\"color: #000000;\"><span style=\"font-size: 16px;\">Practioner PNL<\/span><\/span><\/li><li><span style=\"color: #000000;\"><span style=\"font-size: 16px;\">Grafologista<\/span><\/span><\/li><li><span style=\"color: #000000;\"><span style=\"font-size: 16px;\">Iridologista<\/span><\/span><\/li><li><span style=\"color: #000000;\"><span style=\"font-size: 16px;\">Terapeuta em florais qu\u00e2nticos<\/span><\/span><\/li><li><span style=\"color: #000000;\"><span style=\"font-size: 16px;\">Oligoterapeuta<\/span><\/span><\/li><li><span style=\"color: #000000;\"><span style=\"font-size: 16px;\">Trofoterapeuta<\/span><\/span><\/li><\/ul>\t\t\t\t\t\t\t\t<\/div>\n\t\t\t\t<\/div>\n\t\t\t\t<div class=\"elementor-element elementor-element-9e7fd5e elementor-widget elementor-widget-heading\" data-id=\"9e7fd5e\" data-element_type=\"widget\" data-settings=\"{&quot;_animation&quot;:&quot;none&quot;}\" data-widget_type=\"heading.default\">\n\t\t\t\t<div class=\"elementor-widget-container\">\n\t\t\t\t\t<h4 class=\"elementor-heading-title elementor-size-default\"><b>Apresenta\u00e7\u00e3o<\/b><\/h4>\t\t\t\t<\/div>\n\t\t\t\t<\/div>\n\t\t\t\t<div class=\"elementor-element elementor-element-30ec66c elementor-widget elementor-widget-text-editor\" data-id=\"30ec66c\" data-element_type=\"widget\" data-settings=\"{&quot;_animation&quot;:&quot;none&quot;}\" data-widget_type=\"text-editor.default\">\n\t\t\t\t<div class=\"elementor-widget-container\">\n\t\t\t\t\t\t\t\t\t<p><span style=\"color: #000000;\"><span style=\"font-size: 16px;\">Aromaterapia \u00e9 uma terapia que se utiliza de \u00f3leos essenciais puros e de origem controlada para o tratamento de dist\u00farbios de sa\u00fade, assim como preven\u00e7\u00e3o de doen\u00e7as e manuten\u00e7\u00e3o de sa\u00fade.\u00a0<\/span><\/span><\/p>\t\t\t\t\t\t\t\t<\/div>\n\t\t\t\t<\/div>\n\t\t\t\t<div class=\"elementor-element elementor-element-d5e078e elementor-widget elementor-widget-heading\" data-id=\"d5e078e\" data-element_type=\"widget\" data-settings=\"{&quot;_animation&quot;:&quot;none&quot;}\" data-widget_type=\"heading.default\">\n\t\t\t\t<div class=\"elementor-widget-container\">\n\t\t\t\t\t<h4 class=\"elementor-heading-title elementor-size-default\"><b>Programa\u00e7\u00e3o<\/b><\/h4>\t\t\t\t<\/div>\n\t\t\t\t<\/div>\n\t\t\t\t<div class=\"elementor-element elementor-element-ebb9034 elementor-widget elementor-widget-text-editor\" data-id=\"ebb9034\" data-element_type=\"widget\" data-settings=\"{&quot;_animation&quot;:&quot;none&quot;}\" data-widget_type=\"text-editor.default\">\n\t\t\t\t<div class=\"elementor-widget-container\">\n\t\t\t\t\t\t\t\t\t<p><span style=\"color: #000000;\"><span style=\"font-size: 16px;\">Neste curso voc\u00ea vai aprender:<\/span><\/span><\/p><ul><li><span style=\"color: #000000;\"><span style=\"font-size: 16px;\">O que \u00e9 a aromaterapia\u00a0<\/span><\/span><\/li><li><span style=\"color: #000000;\"><span style=\"font-size: 16px;\">Como funciona a aromaterapia e seus princ\u00edpios<\/span><\/span><\/li><li><span style=\"color: #000000;\"><span style=\"font-size: 16px;\">O que s\u00e3o os \u00f3leos essenciais\u00a0<\/span><\/span><\/li><li><span style=\"color: #000000;\"><span style=\"font-size: 16px;\">Como s\u00e3o extra\u00eddos estes \u00f3leos<\/span><\/span><\/li><li><span style=\"color: #000000;\"><span style=\"font-size: 16px;\">O que s\u00e3o hidrolatos ou \u00e1guas florais<\/span><\/span><\/li><li><span style=\"color: #000000;\"><span style=\"font-size: 16px;\">Conhecer\u00e1 os principais aromas e suas fun\u00e7\u00f5es<\/span><\/span><\/li><\/ul>\t\t\t\t\t\t\t\t<\/div>\n\t\t\t\t<\/div>\n\t\t\t\t<div class=\"elementor-element elementor-element-4550694 elementor-widget elementor-widget-heading\" data-id=\"4550694\" data-element_type=\"widget\" data-settings=\"{&quot;_animation&quot;:&quot;none&quot;}\" data-widget_type=\"heading.default\">\n\t\t\t\t<div class=\"elementor-widget-container\">\n\t\t\t\t\t<h4 class=\"elementor-heading-title elementor-size-default\"><b>Incluso<\/b><\/h4>\t\t\t\t<\/div>\n\t\t\t\t<\/div>\n\t\t\t\t<div class=\"elementor-element elementor-element-4cb8229 elementor-widget elementor-widget-text-editor\" data-id=\"4cb8229\" data-element_type=\"widget\" data-settings=\"{&quot;_animation&quot;:&quot;none&quot;}\" data-widget_type=\"text-editor.default\">\n\t\t\t\t<div class=\"elementor-widget-container\">\n\t\t\t\t\t\t\t\t\t<ul><li><span style=\"color: #000000;\"><span style=\"font-size: 16px;\">CERTIFICADO DE CURSO em formato Digital;<\/span><\/span><\/li><li><span style=\"color: #000000;\"><span style=\"font-size: 16px;\">Material digital em PDF;<\/span><\/span><\/li><li><span style=\"color: #000000;\"><span style=\"font-size: 16px;\">Orienta\u00e7\u00e3o em grupo de discuss\u00e3o\/uso durante 3 meses;<\/span><\/span><\/li><li><span style=\"color: #000000;\"><span style=\"font-size: 16px;\">Descontos exclusivos para aquisi\u00e7\u00e3o de produtos na QUINAR\u00cd.<\/span><\/span><\/li><\/ul>\t\t\t\t\t\t\t\t<\/div>\n\t\t\t\t<\/div>\n\t\t\t\t<div class=\"elementor-element elementor-element-55ac76f elementor-invisible elementor-widget elementor-widget-heading\" data-id=\"55ac76f\" data-element_type=\"widget\" data-settings=\"{&quot;_animation&quot;:&quot;fadeInUp&quot;}\" data-widget_type=\"heading.default\">\n\t\t\t\t<div class=\"elementor-widget-container\">\n\t\t\t\t\t<h4 class=\"elementor-heading-title elementor-size-default\"><b>Dura\u00e7\u00e3o: <span style=\"font-weight: 700;color: #a71111\">16h<\/span><\/b><\/h4>\t\t\t\t<\/div>\n\t\t\t\t<\/div>\n\t\t\t\t<div class=\"elementor-element elementor-element-20b559c elementor-invisible elementor-widget elementor-widget-heading\" data-id=\"20b559c\" data-element_type=\"widget\" data-settings=\"{&quot;_animation&quot;:&quot;fadeInUp&quot;}\" data-widget_type=\"heading.default\">\n\t\t\t\t<div class=\"elementor-widget-container\">\n\t\t\t\t\t<h4 class=\"elementor-heading-title elementor-size-default\"><b>Valor do Curso: <\/b><span style=\"font-size: 40px;font-weight: 700;color: #a71111\">R$ 397<span style=\"font-size: 22px;line-height: 0;position: relative;top: -0.5em\">00  <\/span><\/span> <span style=\"font-size: 40px;font-style: normal;font-weight: 700\">em 2x <\/span>ou <span style=\"font-size: 40px;font-style: normal;font-weight: 700\">R$ 327<span style=\"font-size: 22px;line-height: 0;position: relative;top: -0.5em\">00  <\/span><\/span><span style=\"font-size: 40px;font-weight: 300\">\u00e0 vista<\/span><span style=\"font-size: 40px;font-weight: 300\"><\/span><br><\/h4>\t\t\t\t<\/div>\n\t\t\t\t<\/div>\n\t\t\t\t<div class=\"elementor-element elementor-element-b320884 elementor-invisible elementor-widget elementor-widget-text-editor\" data-id=\"b320884\" data-element_type=\"widget\" data-settings=\"{&quot;_animation&quot;:&quot;fadeInUp&quot;}\" data-widget_type=\"text-editor.default\">\n\t\t\t\t<div class=\"elementor-widget-container\">\n\t\t\t\t\t\t\t\t\t<div><span style=\"color: #000; font-size: 22px;\">*\u00a0<\/span><span style=\"font-size: 22px; color: #000;\">Descontos Especiais para Associados ABRTA<\/span><\/div>\n<span style=\"font-size: 22px; font-style: normal; font-weight: 400; color: #000;\">\u00a0<\/span>\n<div><span style=\"font-size: 22px; font-style: normal; font-weight: 400; color: #000;\">**<\/span><span style=\"font-size: 22px; font-style: normal; font-weight: 400; color: #000;\">\u00a0<\/span><span style=\"font-size: 22px; font-style: normal; font-weight: 400; color: #000;\">Para mais promo\u00e7\u00f5es sobre este curso entre em contato atrav\u00e9s do telefone\u00a0<a style=\"font-size: 22px; color: #000; text-decoration-line: underline !important;\" href=\"https:\/\/api.whatsapp.com\/send?phone=5548991928081\">(48) 99192-8081\u00a0<img decoding=\"async\" class=\"alignnone wp-image-2261\" src=\"https:\/\/biocodigos.com.br\/pt-BR\/wp-content\/uploads\/2020\/04\/whatsapp.png\" alt=\"\" width=\"20\" height=\"20\" \/><\/a><\/span><\/div>\t\t\t\t\t\t\t\t<\/div>\n\t\t\t\t<\/div>\n\t\t\t\t\t<\/div>\n\t\t<\/div>\n\t\t\t\t<div class=\"elementor-column elementor-col-50 elementor-top-column elementor-element elementor-element-0fa923d bio_formulario form_curso \" data-id=\"0fa923d\" data-element_type=\"column\" data-settings=\"{&quot;background_background&quot;:&quot;gradient&quot;}\">\n\t\t\t<div class=\"elementor-widget-wrap elementor-element-populated\">\n\t\t\t\t\t\t<div class=\"elementor-element elementor-element-092cca3 elementor-widget elementor-widget-image\" data-id=\"092cca3\" data-element_type=\"widget\" data-widget_type=\"image.default\">\n\t\t\t\t<div class=\"elementor-widget-container\">\n\t\t\t\t\t\t\t\t\t\t\t\t<figure class=\"wp-caption\">\n\t\t\t\t\t\t\t\t\t\t<img decoding=\"async\" width=\"300\" height=\"345\" src=\"https:\/\/biocodigos.com.br\/pt-BR\/wp-content\/uploads\/2020\/11\/david.png\" class=\"attachment-large size-large wp-image-3701\" alt=\"David\" srcset=\"https:\/\/biocodigos.com.br\/pt-BR\/wp-content\/uploads\/2020\/11\/david.png 300w, https:\/\/biocodigos.com.br\/pt-BR\/wp-content\/uploads\/2020\/11\/david-261x300.png 261w\" sizes=\"(max-width: 300px) 100vw, 300px\" \/>\t\t\t\t\t\t\t\t\t\t\t<figcaption class=\"widget-image-caption wp-caption-text\">David de Souza<\/figcaption>\n\t\t\t\t\t\t\t\t\t\t<\/figure>\n\t\t\t\t\t\t\t\t\t<\/div>\n\t\t\t\t<\/div>\n\t\t\t\t<div class=\"elementor-element elementor-element-500433d elementor-invisible elementor-widget elementor-widget-heading\" data-id=\"500433d\" data-element_type=\"widget\" data-settings=\"{&quot;_animation&quot;:&quot;fadeInUp&quot;}\" data-widget_type=\"heading.default\">\n\t\t\t\t<div class=\"elementor-widget-container\">\n\t\t\t\t\t<h2 class=\"elementor-heading-title elementor-size-default\"><b><br>\nCadastre-se agora mesmo para garantir sua vaga!<\/b><\/h2>\t\t\t\t<\/div>\n\t\t\t\t<\/div>\n\t\t\t\t<div class=\"elementor-element elementor-element-bb22a3c elementor-invisible elementor-widget elementor-widget-shortcode\" data-id=\"bb22a3c\" data-element_type=\"widget\" data-settings=\"{&quot;_animation&quot;:&quot;fadeInUp&quot;}\" data-widget_type=\"shortcode.default\">\n\t\t\t\t<div class=\"elementor-widget-container\">\n\t\t\t\t\t\t\t<div class=\"elementor-shortcode\">\n<div class=\"wpcf7 no-js\" id=\"wpcf7-f3647-o1\" lang=\"pt-BR\" dir=\"ltr\" data-wpcf7-id=\"3647\">\n<div class=\"screen-reader-response\"><p role=\"status\" aria-live=\"polite\" aria-atomic=\"true\"><\/p> <ul><\/ul><\/div>\n<form action=\"\/pt-BR\/wp-json\/wp\/v2\/pages\/3645#wpcf7-f3647-o1\" method=\"post\" class=\"wpcf7-form init\" aria-label=\"Formul\u00e1rios de contato\" novalidate=\"novalidate\" data-status=\"init\">\n<div style=\"display: none;\">\n<input type=\"hidden\" name=\"_wpcf7\" value=\"3647\" \/>\n<input type=\"hidden\" name=\"_wpcf7_version\" value=\"6.0.6\" \/>\n<input type=\"hidden\" name=\"_wpcf7_locale\" value=\"pt_BR\" \/>\n<input type=\"hidden\" name=\"_wpcf7_unit_tag\" value=\"wpcf7-f3647-o1\" \/>\n<input type=\"hidden\" name=\"_wpcf7_container_post\" value=\"0\" \/>\n<input type=\"hidden\" name=\"_wpcf7_posted_data_hash\" value=\"\" \/>\n<input type=\"hidden\" name=\"_wpcf7_recaptcha_response\" value=\"\" \/>\n<\/div>\n<p><label> Curso de interesse*<br \/>\n<span class=\"wpcf7-form-control-wrap\" data-name=\"curso\"><select class=\"wpcf7-form-control wpcf7-select\" aria-invalid=\"false\" name=\"curso\"><option value=\"Aromaterapia\">Aromaterapia<\/option><\/select><\/span> <\/label>\n<\/p>\n<p><label> Data do Curso*<br \/>\n<span class=\"wpcf7-form-control-wrap\" data-name=\"data_curso\"><select class=\"wpcf7-form-control wpcf7-select\" aria-invalid=\"false\" name=\"data_curso\"><option value=\"12 e 13 de dezembro\">12 e 13 de dezembro<\/option><\/select><\/span> <\/label>\n<\/p>\n<p><label> Seu nome*<br \/>\n<span class=\"wpcf7-form-control-wrap\" data-name=\"nome\"><input size=\"40\" maxlength=\"400\" class=\"wpcf7-form-control wpcf7-text wpcf7-validates-as-required\" aria-required=\"true\" aria-invalid=\"false\" value=\"\" type=\"text\" name=\"nome\" \/><\/span> <\/label>\n<\/p>\n<p><label> Seu e-mail*<br \/>\n<span class=\"wpcf7-form-control-wrap\" data-name=\"email\"><input size=\"40\" maxlength=\"400\" class=\"wpcf7-form-control wpcf7-email wpcf7-validates-as-required wpcf7-text wpcf7-validates-as-email\" aria-required=\"true\" aria-invalid=\"false\" value=\"\" type=\"email\" name=\"email\" \/><\/span> <\/label>\n<\/p>\n<p><label> Seu celular (ddd + n\u00famero)*<br \/>\n<span class=\"wpcf7-form-control-wrap\" data-name=\"celular\"><input size=\"40\" maxlength=\"400\" class=\"wpcf7-form-control wpcf7-text wpcf7-validates-as-required format_fone_com_ddd\" aria-required=\"true\" aria-invalid=\"false\" value=\"\" type=\"text\" name=\"celular\" \/><\/span> <\/label>\n<\/p>\n<p><label> Seu CPF<br \/>\n<span class=\"wpcf7-form-control-wrap\" data-name=\"CPF\"><input size=\"40\" maxlength=\"400\" class=\"wpcf7-form-control wpcf7-text format_cpf\" aria-invalid=\"false\" value=\"\" type=\"text\" name=\"CPF\" \/><\/span> <\/label>\n<\/p>\n<p><label> Seu RG<br \/>\n<span class=\"wpcf7-form-control-wrap\" data-name=\"RG\"><input size=\"40\" maxlength=\"400\" class=\"wpcf7-form-control wpcf7-text\" aria-invalid=\"false\" value=\"\" type=\"text\" name=\"RG\" \/><\/span> <\/label>\n<\/p>\n<p><label> Cidade*<br \/>\n<span class=\"wpcf7-form-control-wrap\" data-name=\"cidade\"><input size=\"40\" maxlength=\"400\" class=\"wpcf7-form-control wpcf7-text wpcf7-validates-as-required\" aria-required=\"true\" aria-invalid=\"false\" value=\"\" type=\"text\" name=\"cidade\" \/><\/span> <\/label>\n<\/p>\n<p><label> Estado*<br \/>\n<span class=\"wpcf7-form-control-wrap\" data-name=\"estado\"><select class=\"wpcf7-form-control wpcf7-select\" aria-invalid=\"false\" name=\"estado\"><option value=\"AC\">AC<\/option><option value=\"AL\">AL<\/option><option value=\"AP\">AP<\/option><option value=\"AM\">AM<\/option><option value=\"BA\">BA<\/option><option value=\"CE\">CE<\/option><option value=\"DF\">DF<\/option><option value=\"ES\">ES<\/option><option value=\"GO\">GO<\/option><option value=\"MA\">MA<\/option><option value=\"MT\">MT<\/option><option value=\"MS\">MS<\/option><option value=\"MG\">MG<\/option><option value=\"PA\">PA<\/option><option value=\"PB\">PB<\/option><option value=\"PR\">PR<\/option><option value=\"PE\">PE<\/option><option value=\"PI\">PI<\/option><option value=\"RJ\">RJ<\/option><option value=\"RN\">RN<\/option><option value=\"RS\">RS<\/option><option value=\"RO\">RO<\/option><option value=\"RR\">RR<\/option><option value=\"SC\">SC<\/option><option value=\"SP\">SP<\/option><option value=\"SE\">SE<\/option><option value=\"TO\">TO<\/option><option value=\"Outro pa\u00eds\">Outro pa\u00eds<\/option><\/select><\/span> <\/label>\n<\/p>\n<hr \/>\n<p><label><b>Outras informa\u00e7\u00f5es<\/b><\/label>\n<\/p>\n<p><label> Informe o nome de quem indicou este curso!<br \/>\n<span class=\"wpcf7-form-control-wrap\" data-name=\"indicacao\" value =\"\"><input size=\"40\" maxlength=\"400\" class=\"wpcf7-form-control wpcf7-text\" aria-invalid=\"false\" value=\"\" type=\"text\" name=\"indicacao\" value =\"\" \/><\/span> <\/label>\n<\/p>\n<p><label> Qual seu objetivo com o curso?<br \/>\n<span class=\"wpcf7-form-control-wrap\" data-name=\"objetivo\"><textarea cols=\"40\" rows=\"10\" maxlength=\"2000\" class=\"wpcf7-form-control wpcf7-textarea\" aria-invalid=\"false\" name=\"objetivo\"><\/textarea><\/span> <\/label>\n<\/p>\n<span class=\"wpcf7-form-control-wrap recaptcha\" data-name=\"recaptcha\"><span data-sitekey=\"6LfMAsUUAAAAACXmmR4s02428w06EGLqjGa4R1af\" class=\"wpcf7-form-control wpcf7-recaptcha g-recaptcha\"><\/span>\r\n<noscript>\r\n\t<div class=\"grecaptcha-noscript\">\r\n\t\t<iframe src=\"https:\/\/www.google.com\/recaptcha\/api\/fallback?k=6LfMAsUUAAAAACXmmR4s02428w06EGLqjGa4R1af\" frameborder=\"0\" scrolling=\"no\" width=\"310\" height=\"430\">\r\n\t\t<\/iframe>\r\n\t\t<textarea name=\"g-recaptcha-response\" rows=\"3\" cols=\"40\" placeholder=\"reCaptcha Response Here\">\r\n\t\t<\/textarea>\r\n\t<\/div>\r\n<\/noscript>\r\n<\/span>\n<p><span class=\"wpcf7-form-control-wrap\" data-name=\"aprovacao_uso_depoimento\"><span class=\"wpcf7-form-control wpcf7-checkbox\"><span class=\"wpcf7-list-item first last\"><label><input type=\"checkbox\" name=\"aprovacao_uso_depoimento[]\" value=\"Permito que a BIOC\u00d3DIGOS utilize meu depoimento para a divulga\u00e7\u00e3o do curso em canais como Youtube, Instagram, Whatsapp ou no Site.\" \/><span class=\"wpcf7-list-item-label\">Permito que a BIOC\u00d3DIGOS utilize meu depoimento para a divulga\u00e7\u00e3o do curso em canais como Youtube, Instagram, Whatsapp ou no Site.<\/span><\/label><\/span><\/span><\/span>\n<\/p>\n<p><span class=\"wpcf7-form-control-wrap\" data-name=\"termos-de-aceite\"><span class=\"wpcf7-form-control wpcf7-acceptance\"><span class=\"wpcf7-list-item\"><label><input type=\"checkbox\" name=\"termos-de-aceite\" value=\"1\" aria-invalid=\"false\" \/><span class=\"wpcf7-list-item-label\">Li e aceito a <a href=\"https:\/\/biocodigos.com.br\/pt-BR\/politica-de-privacidade\/\" target=\"_blank\">Pol\u00edtica de Privacidade<\/a> e permito que <b>BIOC\u00d3DIGOS<\/b> colete e armazene os dados que envio atrav\u00e9s deste formul\u00e1rio. *<\/span><\/label><\/span><\/span><\/span>\n<\/p>\n<p><input class=\"wpcf7-form-control wpcf7-submit has-spinner\" type=\"submit\" value=\"Enviar\" \/>\n<\/p><div class=\"wpcf7-response-output\" aria-hidden=\"true\"><\/div>\n<\/form>\n<\/div>\n<\/div>\n\t\t\t\t\t\t<\/div>\n\t\t\t\t<\/div>\n\t\t\t\t\t<\/div>\n\t\t<\/div>\n\t\t\t\t\t<\/div>\n\t\t<\/section>\n\t\t\t\t<\/div>\n\t\t","protected":false},"excerpt":{"rendered":"<p>Palestrante Especializa\u00e7\u00f5es do palestrante: Reflexoterapeuta podal f\u00edsico e emocional Terapeuta auricular Aromaterapeuta Practioner PNL Grafologista Iridologista Terapeuta em florais qu\u00e2nticos Oligoterapeuta Trofoterapeuta Apresenta\u00e7\u00e3o Aromaterapia \u00e9 uma terapia que se utiliza de \u00f3leos essenciais puros e de origem controlada para o tratamento de dist\u00farbios de sa\u00fade, assim como preven\u00e7\u00e3o de doen\u00e7as e manuten\u00e7\u00e3o de sa\u00fade.\u00a0 Programa\u00e7\u00e3o &hellip;<\/p>\n<p class=\"read-more\"> <a class=\"\" href=\"https:\/\/biocodigos.com.br\/pt-BR\/cursos\/aromaterapia\/\"> <span class=\"screen-reader-text\">Aromaterapia<\/span> Leia mais &raquo;<\/a><\/p>\n","protected":false},"author":3,"featured_media":0,"parent":337,"menu_order":0,"comment_status":"open","ping_status":"closed","template":"elementor_header_footer","meta":{"slim_seo":{"title":"Curso de Aromaterapia - BIOC\u00d3DIGOS","facebook_image":"https:\/\/biocodigos.com.br\/pt-BR\/wp-content\/uploads\/2020\/05\/icone-biocodigos.png","twitter_image":"https:\/\/biocodigos.com.br\/pt-BR\/wp-content\/uploads\/2020\/05\/icone-biocodigos.png","description":"Palestrante Especializa\u00e7\u00f5es do palestrante: Reflexoterapeuta podal f\u00edsico e emocional Terapeuta auricular Aromaterapeuta Practioner PNL Grafologista Iridologist"},"footnotes":""},"class_list":["post-3645","page","type-page","status-publish","hentry"],"_links":{"self":[{"href":"https:\/\/biocodigos.com.br\/pt-BR\/wp-json\/wp\/v2\/pages\/3645","targetHints":{"allow":["GET"]}}],"collection":[{"href":"https:\/\/biocodigos.com.br\/pt-BR\/wp-json\/wp\/v2\/pages"}],"about":[{"href":"https:\/\/biocodigos.com.br\/pt-BR\/wp-json\/wp\/v2\/types\/page"}],"author":[{"embeddable":true,"href":"https:\/\/biocodigos.com.br\/pt-BR\/wp-json\/wp\/v2\/users\/3"}],"replies":[{"embeddable":true,"href":"https:\/\/biocodigos.com.br\/pt-BR\/wp-json\/wp\/v2\/comments?post=3645"}],"version-history":[{"count":0,"href":"https:\/\/biocodigos.com.br\/pt-BR\/wp-json\/wp\/v2\/pages\/3645\/revisions"}],"up":[{"embeddable":true,"href":"https:\/\/biocodigos.com.br\/pt-BR\/wp-json\/wp\/v2\/pages\/337"}],"wp:attachment":[{"href":"https:\/\/biocodigos.com.br\/pt-BR\/wp-json\/wp\/v2\/media?parent=3645"}],"curies":[{"name":"wp","href":"https:\/\/api.w.org\/{rel}","templated":true}]}}